{"id":9498,"date":"2025-12-02T10:12:34","date_gmt":"2025-12-02T10:12:34","guid":{"rendered":"https:\/\/frontpac.com\/?page_id=9498"},"modified":"2026-03-05T09:01:12","modified_gmt":"2026-03-05T09:01:12","slug":"gkd","status":"publish","type":"page","link":"https:\/\/frontpac.com\/eng\/gkd\/","title":{"rendered":"Gefle Kartong &amp; Display"},"content":{"rendered":"\t\t<div data-elementor-type=\"wp-page\" data-elementor-id=\"9498\" class=\"elementor elementor-9498\" data-elementor-post-type=\"page\">\n\t\t\t\t<div class=\"elementor-element elementor-element-04a4415 e-con-full e-flex e-con e-parent\" data-id=\"04a4415\" data-element_type=\"container\" data-e-type=\"container\" data-settings=\"{&quot;background_background&quot;:&quot;classic&quot;}\">\n\t\t<div class=\"elementor-element elementor-element-593d430 e-con-full e-flex e-con e-child\" data-id=\"593d430\" data-element_type=\"container\" data-e-type=\"container\">\n\t\t\t\t<div class=\"elementor-element elementor-element-e8b73d6 elementor-widget elementor-widget-image\" data-id=\"e8b73d6\" data-element_type=\"widget\" data-e-type=\"widget\" data-widget_type=\"image.default\">\n\t\t\t\t<div class=\"elementor-widget-container\">\n\t\t\t\t\t\t\t\t\t\t\t\t\t\t\t<img fetchpriority=\"high\" decoding=\"async\" width=\"2560\" height=\"731\" src=\"https:\/\/frontpac.com\/wp-content\/uploads\/2025\/12\/Gefle-Kartong-scaled-1.jpg\" class=\"attachment-full size-full wp-image-9515\" alt=\"Gefle Kartong &amp; Display\" srcset=\"https:\/\/frontpac.com\/wp-content\/uploads\/2025\/12\/Gefle-Kartong-scaled-1.jpg 2560w, https:\/\/frontpac.com\/wp-content\/uploads\/2025\/12\/Gefle-Kartong-scaled-1-300x86.jpg 300w, https:\/\/frontpac.com\/wp-content\/uploads\/2025\/12\/Gefle-Kartong-scaled-1-1024x292.jpg 1024w, https:\/\/frontpac.com\/wp-content\/uploads\/2025\/12\/Gefle-Kartong-scaled-1-768x219.jpg 768w, https:\/\/frontpac.com\/wp-content\/uploads\/2025\/12\/Gefle-Kartong-scaled-1-1536x439.jpg 1536w, https:\/\/frontpac.com\/wp-content\/uploads\/2025\/12\/Gefle-Kartong-scaled-1-2048x585.jpg 2048w, https:\/\/frontpac.com\/wp-content\/uploads\/2025\/12\/Gefle-Kartong-scaled-1-18x5.jpg 18w\" sizes=\"(max-width: 2560px) 100vw, 2560px\" \/>\t\t\t\t\t\t\t\t\t\t\t\t\t\t\t<\/div>\n\t\t\t\t<\/div>\n\t\t\t\t<\/div>\n\t\t\t\t<\/div>\n\t\t\t\t<section class=\"elementor-section elementor-top-section elementor-element elementor-element-61a9ddb2 elementor-section-boxed elementor-section-height-default elementor-section-height-default\" data-id=\"61a9ddb2\" data-element_type=\"section\" data-e-type=\"section\" data-settings=\"{&quot;background_background&quot;:&quot;classic&quot;}\">\n\t\t\t\t\t\t<div class=\"elementor-container elementor-column-gap-default\">\n\t\t\t\t\t<div class=\"elementor-column elementor-col-33 elementor-top-column elementor-element elementor-element-242cbcf5\" data-id=\"242cbcf5\" data-element_type=\"column\" data-e-type=\"column\" data-settings=\"{&quot;background_background&quot;:&quot;classic&quot;}\">\n\t\t\t<div class=\"elementor-widget-wrap elementor-element-populated\">\n\t\t\t\t\t\t<div class=\"elementor-element elementor-element-4fefdb35 elementor-widget elementor-widget-heading\" data-id=\"4fefdb35\" data-element_type=\"widget\" data-e-type=\"widget\" data-widget_type=\"heading.default\">\n\t\t\t\t<div class=\"elementor-widget-container\">\n\t\t\t\t\t<h2 class=\"elementor-heading-title elementor-size-default\">F\u00d6RPACKNINGAR<\/h2>\t\t\t\t<\/div>\n\t\t\t\t<\/div>\n\t\t\t\t<div class=\"elementor-element elementor-element-33f4059f elementor-widget elementor-widget-text-editor\" data-id=\"33f4059f\" data-element_type=\"widget\" data-e-type=\"widget\" data-widget_type=\"text-editor.default\">\n\t\t\t\t<div class=\"elementor-widget-container\">\n\t\t\t\t\t\t\t\t\t<p>Gefle Kartong &amp; Display tillverkar f\u00f6rpackningar av h\u00f6g kvalitet i b\u00e5de well och solid kartong. Dessa material har olika f\u00f6rdelar och egenskaper och anv\u00e4nds till olika typer av produkter beroende p\u00e5 produktens egenskaper. Vi hj\u00e4lper dig v\u00e4lja det material som passar b\u00e4st f\u00f6r just din produkt. Vi har l\u00e5ng erfarenhet av produktanpassade f\u00f6rpackningar och hj\u00e4lper dig med allt fr\u00e5n design, materialval, tillval, palloptimering med mera.<\/p>\t\t\t\t\t\t\t\t<\/div>\n\t\t\t\t<\/div>\n\t\t\t\t<div class=\"elementor-element elementor-element-3a8f35e elementor-align-center elementor-widget elementor-widget-button\" data-id=\"3a8f35e\" data-element_type=\"widget\" data-e-type=\"widget\" data-widget_type=\"button.default\">\n\t\t\t\t<div class=\"elementor-widget-container\">\n\t\t\t\t\t\t\t\t\t<div class=\"elementor-button-wrapper\">\n\t\t\t\t\t<a class=\"elementor-button elementor-button-link elementor-size-sm\" href=\"https:\/\/frontpac.com\/gkd-solid-kartong\/\">\n\t\t\t\t\t\t<span class=\"elementor-button-content-wrapper\">\n\t\t\t\t\t\t\t\t\t<span class=\"elementor-button-text\">L\u00c4S MER<\/span>\n\t\t\t\t\t<\/span>\n\t\t\t\t\t<\/a>\n\t\t\t\t<\/div>\n\t\t\t\t\t\t\t\t<\/div>\n\t\t\t\t<\/div>\n\t\t\t\t\t<\/div>\n\t\t<\/div>\n\t\t\t\t<div class=\"elementor-column elementor-col-33 elementor-top-column elementor-element elementor-element-4fdc0b0c\" data-id=\"4fdc0b0c\" data-element_type=\"column\" data-e-type=\"column\" data-settings=\"{&quot;background_background&quot;:&quot;classic&quot;}\">\n\t\t\t<div class=\"elementor-widget-wrap elementor-element-populated\">\n\t\t\t\t\t\t<div class=\"elementor-element elementor-element-72b43e63 elementor-widget elementor-widget-heading\" data-id=\"72b43e63\" data-element_type=\"widget\" data-e-type=\"widget\" data-widget_type=\"heading.default\">\n\t\t\t\t<div class=\"elementor-widget-container\">\n\t\t\t\t\t<h2 class=\"elementor-heading-title elementor-size-default\">DISPLAY<\/h2>\t\t\t\t<\/div>\n\t\t\t\t<\/div>\n\t\t\t\t<div class=\"elementor-element elementor-element-d648aa0 elementor-widget elementor-widget-text-editor\" data-id=\"d648aa0\" data-element_type=\"widget\" data-e-type=\"widget\" data-widget_type=\"text-editor.default\">\n\t\t\t\t<div class=\"elementor-widget-container\">\n\t\t\t\t\t\t\t\t\t<p>F\u00f6r att din produkt ska exponeras p\u00e5 b\u00e4sta m\u00f6jliga s\u00e4tt erbjuder vi dig en rad olika alternativ inom display. Vi erbjuder bland annat st\u00f6rre exponeringsst\u00e4ll i well till golv, men \u00e4ven mindre exponeringsst\u00e4ll anpassade till disk eller andra mindre ytor. Display hj\u00e4lper dina produkter att sticka ut och minskar konkurransen till andra produkter d\u00e5 dina produkter f\u00e5r en egen exponeringsyta.<\/p>\t\t\t\t\t\t\t\t<\/div>\n\t\t\t\t<\/div>\n\t\t\t\t<div class=\"elementor-element elementor-element-2a2c282d elementor-align-center elementor-widget elementor-widget-button\" data-id=\"2a2c282d\" data-element_type=\"widget\" data-e-type=\"widget\" data-widget_type=\"button.default\">\n\t\t\t\t<div class=\"elementor-widget-container\">\n\t\t\t\t\t\t\t\t\t<div class=\"elementor-button-wrapper\">\n\t\t\t\t\t<a class=\"elementor-button elementor-button-link elementor-size-sm\" href=\"https:\/\/frontpac.com\/gkd-displayer\/\">\n\t\t\t\t\t\t<span class=\"elementor-button-content-wrapper\">\n\t\t\t\t\t\t\t\t\t<span class=\"elementor-button-text\">L\u00c4S MER<\/span>\n\t\t\t\t\t<\/span>\n\t\t\t\t\t<\/a>\n\t\t\t\t<\/div>\n\t\t\t\t\t\t\t\t<\/div>\n\t\t\t\t<\/div>\n\t\t\t\t\t<\/div>\n\t\t<\/div>\n\t\t\t\t<div class=\"elementor-column elementor-col-33 elementor-top-column elementor-element elementor-element-3cf91e3c\" data-id=\"3cf91e3c\" data-element_type=\"column\" data-e-type=\"column\" data-settings=\"{&quot;background_background&quot;:&quot;classic&quot;}\">\n\t\t\t<div class=\"elementor-widget-wrap elementor-element-populated\">\n\t\t\t\t\t\t<div class=\"elementor-element elementor-element-49466ee6 elementor-widget elementor-widget-heading\" data-id=\"49466ee6\" data-element_type=\"widget\" data-e-type=\"widget\" data-widget_type=\"heading.default\">\n\t\t\t\t<div class=\"elementor-widget-container\">\n\t\t\t\t\t<h2 class=\"elementor-heading-title elementor-size-default\">TRANSPORTEMBALLAGE<\/h2>\t\t\t\t<\/div>\n\t\t\t\t<\/div>\n\t\t\t\t<div class=\"elementor-element elementor-element-411ceedc elementor-widget elementor-widget-text-editor\" data-id=\"411ceedc\" data-element_type=\"widget\" data-e-type=\"widget\" data-widget_type=\"text-editor.default\">\n\t\t\t\t<div class=\"elementor-widget-container\">\n\t\t\t\t\t\t\t\t\t<p>Vi erbjuder b\u00e5de standard- och specialmodeller av wellemballage som skyddar dina produkter under transport. Emballagen g\u00e5r att f\u00e5 i tjocklekar upp till 7mm, med eller utan tryck. De olika tjocklekarna av f\u00f6rpackningen hj\u00e4lper till att skydda olika typer av produkter som kan vara b\u00e5de h\u00e5rda och tunga.\u00a0 Tillsammans tar vi fram en l\u00f6sning som passar dina f\u00f6rpackningsbehov.<\/p>\t\t\t\t\t\t\t\t<\/div>\n\t\t\t\t<\/div>\n\t\t\t\t<div class=\"elementor-element elementor-element-54929e09 elementor-align-center elementor-widget elementor-widget-button\" data-id=\"54929e09\" data-element_type=\"widget\" data-e-type=\"widget\" data-widget_type=\"button.default\">\n\t\t\t\t<div class=\"elementor-widget-container\">\n\t\t\t\t\t\t\t\t\t<div class=\"elementor-button-wrapper\">\n\t\t\t\t\t<a class=\"elementor-button elementor-button-link elementor-size-sm\" href=\"https:\/\/frontpac.com\/gkd-wellforpackningar\/\">\n\t\t\t\t\t\t<span class=\"elementor-button-content-wrapper\">\n\t\t\t\t\t\t\t\t\t<span class=\"elementor-button-text\">L\u00c4S MER<\/span>\n\t\t\t\t\t<\/span>\n\t\t\t\t\t<\/a>\n\t\t\t\t<\/div>\n\t\t\t\t\t\t\t\t<\/div>\n\t\t\t\t<\/div>\n\t\t\t\t\t<\/div>\n\t\t<\/div>\n\t\t\t\t\t<\/div>\n\t\t<\/section>\n\t\t\t\t<section class=\"elementor-section elementor-top-section elementor-element elementor-element-26029c1c elementor-section-boxed elementor-section-height-default elementor-section-height-default\" data-id=\"26029c1c\" data-element_type=\"section\" data-e-type=\"section\" data-settings=\"{&quot;background_background&quot;:&quot;classic&quot;}\">\n\t\t\t\t\t\t\t<div class=\"elementor-background-overlay\"><\/div>\n\t\t\t\t\t\t\t<div class=\"elementor-container elementor-column-gap-default\">\n\t\t\t\t\t<div class=\"elementor-column elementor-col-50 elementor-top-column elementor-element elementor-element-3265e518\" data-id=\"3265e518\" data-element_type=\"column\" data-e-type=\"column\">\n\t\t\t<div class=\"elementor-widget-wrap elementor-element-populated\">\n\t\t\t\t\t\t<div class=\"elementor-element elementor-element-43b73d85 elementor-widget elementor-widget-text-editor\" data-id=\"43b73d85\" data-element_type=\"widget\" data-e-type=\"widget\" data-widget_type=\"text-editor.default\">\n\t\t\t\t<div class=\"elementor-widget-container\">\n\t\t\t\t\t\t\t\t\t<h3>V\u00e4lkommen att kontakta oss p\u00e5 G\u00e4vle Kartong &amp; Display<\/h3>\t\t\t\t\t\t\t\t<\/div>\n\t\t\t\t<\/div>\n\t\t\t\t<div class=\"elementor-element elementor-element-7a0eec54 elementor-button-align-stretch elementor-widget elementor-widget-form\" data-id=\"7a0eec54\" data-element_type=\"widget\" data-e-type=\"widget\" data-settings=\"{&quot;step_next_label&quot;:&quot;Next&quot;,&quot;step_previous_label&quot;:&quot;Previous&quot;,&quot;button_width&quot;:&quot;100&quot;,&quot;step_type&quot;:&quot;number_text&quot;,&quot;step_icon_shape&quot;:&quot;circle&quot;}\" data-widget_type=\"form.default\">\n\t\t\t\t<div class=\"elementor-widget-container\">\n\t\t\t\t\t\t\t<form class=\"elementor-form\" method=\"post\" name=\"Kontakt\" aria-label=\"Kontakt\">\n\t\t\t<input type=\"hidden\" name=\"post_id\" value=\"9498\"\/>\n\t\t\t<input type=\"hidden\" name=\"form_id\" value=\"7a0eec54\"\/>\n\t\t\t<input type=\"hidden\" name=\"referer_title\" value=\"Gefle Kartong &amp; Display - FrontPac\" \/>\n\n\t\t\t\t\t\t\t<input type=\"hidden\" name=\"queried_id\" value=\"9498\"\/>\n\t\t\t\n\t\t\t<div class=\"elementor-form-fields-wrapper elementor-labels-above\">\n\t\t\t\t\t\t\t\t<div class=\"elementor-field-type-text elementor-field-group elementor-column elementor-field-group-name elementor-col-100\">\n\t\t\t\t\t\t\t\t\t\t\t\t<label for=\"form-field-name\" class=\"elementor-field-label\">\n\t\t\t\t\t\t\t\tDitt namn\t\t\t\t\t\t\t<\/label>\n\t\t\t\t\t\t\t\t\t\t\t\t\t\t<input size=\"1\" type=\"text\" name=\"form_fields[name]\" id=\"form-field-name\" class=\"elementor-field elementor-size-sm  elementor-field-textual\" placeholder=\"Namn\">\n\t\t\t\t\t\t\t\t\t\t\t<\/div>\n\t\t\t\t\t\t\t\t<div class=\"elementor-field-type-email elementor-field-group elementor-column elementor-field-group-email elementor-col-100 elementor-field-required elementor-mark-required\">\n\t\t\t\t\t\t\t\t\t\t\t\t<label for=\"form-field-email\" class=\"elementor-field-label\">\n\t\t\t\t\t\t\t\tDin e-post\t\t\t\t\t\t\t<\/label>\n\t\t\t\t\t\t\t\t\t\t\t\t\t\t<input size=\"1\" type=\"email\" name=\"form_fields[email]\" id=\"form-field-email\" class=\"elementor-field elementor-size-sm  elementor-field-textual\" placeholder=\"E-post\" required=\"required\">\n\t\t\t\t\t\t\t\t\t\t\t<\/div>\n\t\t\t\t\t\t\t\t<div class=\"elementor-field-type-textarea elementor-field-group elementor-column elementor-field-group-message elementor-col-100\">\n\t\t\t\t\t\t\t\t\t\t\t\t<label for=\"form-field-message\" class=\"elementor-field-label\">\n\t\t\t\t\t\t\t\tDitt meddelande\t\t\t\t\t\t\t<\/label>\n\t\t\t\t\t\t<textarea class=\"elementor-field-textual elementor-field  elementor-size-sm\" name=\"form_fields[message]\" id=\"form-field-message\" rows=\"4\" placeholder=\"Meddelande\"><\/textarea>\t\t\t\t<\/div>\n\t\t\t\t\t\t\t\t<div class=\"elementor-field-group elementor-column elementor-field-type-submit elementor-col-100 e-form__buttons\">\n\t\t\t\t\t<button class=\"elementor-button elementor-size-sm\" type=\"submit\">\n\t\t\t\t\t\t<span class=\"elementor-button-content-wrapper\">\n\t\t\t\t\t\t\t\t\t\t\t\t\t\t\t\t\t\t\t\t\t\t<span class=\"elementor-button-text\">SKICKA<\/span>\n\t\t\t\t\t\t\t\t\t\t\t\t\t<\/span>\n\t\t\t\t\t<\/button>\n\t\t\t\t<\/div>\n\t\t\t<\/div>\n\t\t<\/form>\n\t\t\t\t\t\t<\/div>\n\t\t\t\t<\/div>\n\t\t\t\t\t<\/div>\n\t\t<\/div>\n\t\t\t\t<div class=\"elementor-column elementor-col-50 elementor-top-column elementor-element elementor-element-2590cf10\" data-id=\"2590cf10\" data-element_type=\"column\" data-e-type=\"column\">\n\t\t\t<div class=\"elementor-widget-wrap elementor-element-populated\">\n\t\t\t\t\t\t<div class=\"elementor-element elementor-element-6b2f6642 elementor-widget elementor-widget-google_maps\" data-id=\"6b2f6642\" data-element_type=\"widget\" data-e-type=\"widget\" data-widget_type=\"google_maps.default\">\n\t\t\t\t<div class=\"elementor-widget-container\">\n\t\t\t\t\t\t\t<div class=\"elementor-custom-embed\">\n\t\t\t<iframe loading=\"lazy\"\n\t\t\t\t\tsrc=\"https:\/\/maps.google.com\/maps?q=Atlasgatan%209%2C%20802%2086%20G%C3%A4vle&#038;t=m&#038;z=11&#038;output=embed&#038;iwloc=near\"\n\t\t\t\t\ttitle=\"Atlasgatan 9, 802 86 G\u00e4vle\"\n\t\t\t\t\taria-label=\"Atlasgatan 9, 802 86 G\u00e4vle\"\n\t\t\t><\/iframe>\n\t\t<\/div>\n\t\t\t\t\t\t<\/div>\n\t\t\t\t<\/div>\n\t\t\t\t\t<\/div>\n\t\t<\/div>\n\t\t\t\t\t<\/div>\n\t\t<\/section>\n\t\t\t\t<\/div>\n\t\t","protected":false},"excerpt":{"rendered":"<p>F\u00d6RPACKNINGAR Gefle Kartong &amp; Display tillverkar f\u00f6rpackningar av h\u00f6g kvalitet i b\u00e5de well och solid kartong. Dessa material har olika f\u00f6rdelar och egenskaper och anv\u00e4nds till olika typer av produkter beroende p\u00e5 produktens egenskaper. Vi hj\u00e4lper dig v\u00e4lja det material som passar b\u00e4st f\u00f6r just din produkt. Vi har l\u00e5ng erfarenhet av produktanpassade f\u00f6rpackningar och [&hellip;]<\/p>\n","protected":false},"author":2,"featured_media":9515,"parent":0,"menu_order":0,"comment_status":"closed","ping_status":"closed","template":"","meta":{"_acf_changed":false,"footnotes":""},"class_list":["post-9498","page","type-page","status-publish","has-post-thumbnail","hentry"],"acf":[],"yoast_head":"<!-- This site is optimized with the Yoast SEO plugin v27.5 - https:\/\/yoast.com\/product\/yoast-seo-wordpress\/ -->\n<title>Gefle Kartong &amp; Display - FrontPac<\/title>\n<meta name=\"description\" content=\"GKD - Gefle Kartong &amp; Display tillverkar f\u00f6rpackningar av h\u00f6g kvalitet i b\u00e5de well och solid kartong. Vi tillverkar dina f\u00f6rpackningar\" \/>\n<meta name=\"robots\" content=\"index, follow, max-snippet:-1, max-image-preview:large, max-video-preview:-1\" \/>\n<link rel=\"canonical\" href=\"https:\/\/frontpac.com\/eng\/gkd\/\" \/>\n<meta property=\"og:locale\" content=\"en_US\" \/>\n<meta property=\"og:type\" content=\"article\" \/>\n<meta property=\"og:title\" content=\"Gefle Kartong &amp; Display - FrontPac\" \/>\n<meta property=\"og:description\" content=\"GKD - Gefle Kartong &amp; Display tillverkar f\u00f6rpackningar av h\u00f6g kvalitet i b\u00e5de well och solid kartong. Vi tillverkar dina f\u00f6rpackningar\" \/>\n<meta property=\"og:url\" content=\"https:\/\/frontpac.com\/eng\/gkd\/\" \/>\n<meta property=\"og:site_name\" content=\"FrontPac\" \/>\n<meta property=\"article:publisher\" content=\"https:\/\/www.facebook.com\/FrontPac\/\" \/>\n<meta property=\"article:modified_time\" content=\"2026-03-05T09:01:12+00:00\" \/>\n<meta property=\"og:image\" content=\"https:\/\/frontpac.com\/wp-content\/uploads\/2025\/12\/Gefle-Kartong-scaled-1.jpg\" \/>\n\t<meta property=\"og:image:width\" content=\"2560\" \/>\n\t<meta property=\"og:image:height\" content=\"731\" \/>\n\t<meta property=\"og:image:type\" content=\"image\/jpeg\" \/>\n<meta name=\"twitter:card\" content=\"summary_large_image\" \/>\n<meta name=\"twitter:label1\" content=\"Est. reading time\" \/>\n\t<meta name=\"twitter:data1\" content=\"2 minutes\" \/>\n<script type=\"application\/ld+json\" class=\"yoast-schema-graph\">{\"@context\":\"https:\\\/\\\/schema.org\",\"@graph\":[{\"@type\":\"WebPage\",\"@id\":\"https:\\\/\\\/frontpac.com\\\/gkd\\\/\",\"url\":\"https:\\\/\\\/frontpac.com\\\/gkd\\\/\",\"name\":\"Gefle Kartong &amp; Display - FrontPac\",\"isPartOf\":{\"@id\":\"https:\\\/\\\/frontpac.com\\\/#website\"},\"primaryImageOfPage\":{\"@id\":\"https:\\\/\\\/frontpac.com\\\/gkd\\\/#primaryimage\"},\"image\":{\"@id\":\"https:\\\/\\\/frontpac.com\\\/gkd\\\/#primaryimage\"},\"thumbnailUrl\":\"https:\\\/\\\/frontpac.com\\\/wp-content\\\/uploads\\\/2025\\\/12\\\/Gefle-Kartong-scaled-1.jpg\",\"datePublished\":\"2025-12-02T10:12:34+00:00\",\"dateModified\":\"2026-03-05T09:01:12+00:00\",\"description\":\"GKD - Gefle Kartong & Display tillverkar f\u00f6rpackningar av h\u00f6g kvalitet i b\u00e5de well och solid kartong. Vi tillverkar dina f\u00f6rpackningar\",\"breadcrumb\":{\"@id\":\"https:\\\/\\\/frontpac.com\\\/gkd\\\/#breadcrumb\"},\"inLanguage\":\"en-US\",\"potentialAction\":[{\"@type\":\"ReadAction\",\"target\":[\"https:\\\/\\\/frontpac.com\\\/gkd\\\/\"]}]},{\"@type\":\"ImageObject\",\"inLanguage\":\"en-US\",\"@id\":\"https:\\\/\\\/frontpac.com\\\/gkd\\\/#primaryimage\",\"url\":\"https:\\\/\\\/frontpac.com\\\/wp-content\\\/uploads\\\/2025\\\/12\\\/Gefle-Kartong-scaled-1.jpg\",\"contentUrl\":\"https:\\\/\\\/frontpac.com\\\/wp-content\\\/uploads\\\/2025\\\/12\\\/Gefle-Kartong-scaled-1.jpg\",\"width\":2560,\"height\":731,\"caption\":\"Gefle Kartong & Display\"},{\"@type\":\"BreadcrumbList\",\"@id\":\"https:\\\/\\\/frontpac.com\\\/gkd\\\/#breadcrumb\",\"itemListElement\":[{\"@type\":\"ListItem\",\"position\":1,\"name\":\"Hem\",\"item\":\"https:\\\/\\\/frontpac.com\\\/\"},{\"@type\":\"ListItem\",\"position\":2,\"name\":\"Gefle Kartong &amp; Display\"}]},{\"@type\":\"WebSite\",\"@id\":\"https:\\\/\\\/frontpac.com\\\/#website\",\"url\":\"https:\\\/\\\/frontpac.com\\\/\",\"name\":\"FrontPac\",\"description\":\"FrontPac\",\"publisher\":{\"@id\":\"https:\\\/\\\/frontpac.com\\\/#organization\"},\"potentialAction\":[{\"@type\":\"SearchAction\",\"target\":{\"@type\":\"EntryPoint\",\"urlTemplate\":\"https:\\\/\\\/frontpac.com\\\/?s={search_term_string}\"},\"query-input\":{\"@type\":\"PropertyValueSpecification\",\"valueRequired\":true,\"valueName\":\"search_term_string\"}}],\"inLanguage\":\"en-US\"},{\"@type\":\"Organization\",\"@id\":\"https:\\\/\\\/frontpac.com\\\/#organization\",\"name\":\"FrontPac\",\"url\":\"https:\\\/\\\/frontpac.com\\\/\",\"logo\":{\"@type\":\"ImageObject\",\"inLanguage\":\"en-US\",\"@id\":\"https:\\\/\\\/frontpac.com\\\/#\\\/schema\\\/logo\\\/image\\\/\",\"url\":\"https:\\\/\\\/frontpac.com\\\/wp-content\\\/uploads\\\/2025\\\/04\\\/FrontPac_comp_logo_orange_cmyk-scaled.jpg\",\"contentUrl\":\"https:\\\/\\\/frontpac.com\\\/wp-content\\\/uploads\\\/2025\\\/04\\\/FrontPac_comp_logo_orange_cmyk-scaled.jpg\",\"width\":2560,\"height\":2560,\"caption\":\"FrontPac\"},\"image\":{\"@id\":\"https:\\\/\\\/frontpac.com\\\/#\\\/schema\\\/logo\\\/image\\\/\"},\"sameAs\":[\"https:\\\/\\\/www.facebook.com\\\/FrontPac\\\/\",\"https:\\\/\\\/www.linkedin.com\\\/company\\\/frontpac-ab\\\/\"]}]}<\/script>\n<!-- \/ Yoast SEO plugin. -->","yoast_head_json":{"title":"Gefle Kartong &amp; Display - FrontPac","description":"GKD - Gefle Kartong & Display tillverkar f\u00f6rpackningar av h\u00f6g kvalitet i b\u00e5de well och solid kartong. Vi tillverkar dina f\u00f6rpackningar","robots":{"index":"index","follow":"follow","max-snippet":"max-snippet:-1","max-image-preview":"max-image-preview:large","max-video-preview":"max-video-preview:-1"},"canonical":"https:\/\/frontpac.com\/eng\/gkd\/","og_locale":"en_US","og_type":"article","og_title":"Gefle Kartong &amp; Display - FrontPac","og_description":"GKD - Gefle Kartong & Display tillverkar f\u00f6rpackningar av h\u00f6g kvalitet i b\u00e5de well och solid kartong. Vi tillverkar dina f\u00f6rpackningar","og_url":"https:\/\/frontpac.com\/eng\/gkd\/","og_site_name":"FrontPac","article_publisher":"https:\/\/www.facebook.com\/FrontPac\/","article_modified_time":"2026-03-05T09:01:12+00:00","og_image":[{"width":2560,"height":731,"url":"https:\/\/frontpac.com\/wp-content\/uploads\/2025\/12\/Gefle-Kartong-scaled-1.jpg","type":"image\/jpeg"}],"twitter_card":"summary_large_image","twitter_misc":{"Est. reading time":"2 minutes"},"schema":{"@context":"https:\/\/schema.org","@graph":[{"@type":"WebPage","@id":"https:\/\/frontpac.com\/gkd\/","url":"https:\/\/frontpac.com\/gkd\/","name":"Gefle Kartong &amp; Display - FrontPac","isPartOf":{"@id":"https:\/\/frontpac.com\/#website"},"primaryImageOfPage":{"@id":"https:\/\/frontpac.com\/gkd\/#primaryimage"},"image":{"@id":"https:\/\/frontpac.com\/gkd\/#primaryimage"},"thumbnailUrl":"https:\/\/frontpac.com\/wp-content\/uploads\/2025\/12\/Gefle-Kartong-scaled-1.jpg","datePublished":"2025-12-02T10:12:34+00:00","dateModified":"2026-03-05T09:01:12+00:00","description":"GKD - Gefle Kartong & Display tillverkar f\u00f6rpackningar av h\u00f6g kvalitet i b\u00e5de well och solid kartong. Vi tillverkar dina f\u00f6rpackningar","breadcrumb":{"@id":"https:\/\/frontpac.com\/gkd\/#breadcrumb"},"inLanguage":"en-US","potentialAction":[{"@type":"ReadAction","target":["https:\/\/frontpac.com\/gkd\/"]}]},{"@type":"ImageObject","inLanguage":"en-US","@id":"https:\/\/frontpac.com\/gkd\/#primaryimage","url":"https:\/\/frontpac.com\/wp-content\/uploads\/2025\/12\/Gefle-Kartong-scaled-1.jpg","contentUrl":"https:\/\/frontpac.com\/wp-content\/uploads\/2025\/12\/Gefle-Kartong-scaled-1.jpg","width":2560,"height":731,"caption":"Gefle Kartong & Display"},{"@type":"BreadcrumbList","@id":"https:\/\/frontpac.com\/gkd\/#breadcrumb","itemListElement":[{"@type":"ListItem","position":1,"name":"Hem","item":"https:\/\/frontpac.com\/"},{"@type":"ListItem","position":2,"name":"Gefle Kartong &amp; Display"}]},{"@type":"WebSite","@id":"https:\/\/frontpac.com\/#website","url":"https:\/\/frontpac.com\/","name":"FrontPac","description":"FrontPac","publisher":{"@id":"https:\/\/frontpac.com\/#organization"},"potentialAction":[{"@type":"SearchAction","target":{"@type":"EntryPoint","urlTemplate":"https:\/\/frontpac.com\/?s={search_term_string}"},"query-input":{"@type":"PropertyValueSpecification","valueRequired":true,"valueName":"search_term_string"}}],"inLanguage":"en-US"},{"@type":"Organization","@id":"https:\/\/frontpac.com\/#organization","name":"FrontPac","url":"https:\/\/frontpac.com\/","logo":{"@type":"ImageObject","inLanguage":"en-US","@id":"https:\/\/frontpac.com\/#\/schema\/logo\/image\/","url":"https:\/\/frontpac.com\/wp-content\/uploads\/2025\/04\/FrontPac_comp_logo_orange_cmyk-scaled.jpg","contentUrl":"https:\/\/frontpac.com\/wp-content\/uploads\/2025\/04\/FrontPac_comp_logo_orange_cmyk-scaled.jpg","width":2560,"height":2560,"caption":"FrontPac"},"image":{"@id":"https:\/\/frontpac.com\/#\/schema\/logo\/image\/"},"sameAs":["https:\/\/www.facebook.com\/FrontPac\/","https:\/\/www.linkedin.com\/company\/frontpac-ab\/"]}]}},"_links":{"self":[{"href":"https:\/\/frontpac.com\/eng\/wp-json\/wp\/v2\/pages\/9498","targetHints":{"allow":["GET"]}}],"collection":[{"href":"https:\/\/frontpac.com\/eng\/wp-json\/wp\/v2\/pages"}],"about":[{"href":"https:\/\/frontpac.com\/eng\/wp-json\/wp\/v2\/types\/page"}],"author":[{"embeddable":true,"href":"https:\/\/frontpac.com\/eng\/wp-json\/wp\/v2\/users\/2"}],"replies":[{"embeddable":true,"href":"https:\/\/frontpac.com\/eng\/wp-json\/wp\/v2\/comments?post=9498"}],"version-history":[{"count":52,"href":"https:\/\/frontpac.com\/eng\/wp-json\/wp\/v2\/pages\/9498\/revisions"}],"predecessor-version":[{"id":10451,"href":"https:\/\/frontpac.com\/eng\/wp-json\/wp\/v2\/pages\/9498\/revisions\/10451"}],"wp:featuredmedia":[{"embeddable":true,"href":"https:\/\/frontpac.com\/eng\/wp-json\/wp\/v2\/media\/9515"}],"wp:attachment":[{"href":"https:\/\/frontpac.com\/eng\/wp-json\/wp\/v2\/media?parent=9498"}],"curies":[{"name":"wp","href":"https:\/\/api.w.org\/{rel}","templated":true}]}}