{"id":9502,"date":"2025-12-02T10:14:52","date_gmt":"2025-12-02T10:14:52","guid":{"rendered":"https:\/\/frontpac.com\/?page_id=9502"},"modified":"2026-01-07T09:27:12","modified_gmt":"2026-01-07T09:27:12","slug":"gkd-om-oss","status":"publish","type":"page","link":"https:\/\/frontpac.com\/eng\/gkd-om-oss\/","title":{"rendered":"GKD &#8211; Om oss"},"content":{"rendered":"<div data-elementor-type=\"wp-page\" data-elementor-id=\"9502\" class=\"elementor elementor-9502\" data-elementor-post-type=\"page\">\n\t\t\t\t\t\t<section class=\"elementor-section elementor-top-section elementor-element elementor-element-43ce384a elementor-section-boxed elementor-section-height-default elementor-section-height-default\" data-id=\"43ce384a\" data-element_type=\"section\" data-e-type=\"section\">\n\t\t\t\t\t\t<div class=\"elementor-container elementor-column-gap-default\">\n\t\t\t\t\t<div class=\"elementor-column elementor-col-100 elementor-top-column elementor-element elementor-element-3a4aadf0\" data-id=\"3a4aadf0\" data-element_type=\"column\" data-e-type=\"column\">\n\t\t\t<div class=\"elementor-widget-wrap elementor-element-populated\">\n\t\t\t\t\t\t<div class=\"elementor-element elementor-element-6c37c353 elementor-widget elementor-widget-heading\" data-id=\"6c37c353\" data-element_type=\"widget\" data-e-type=\"widget\" data-widget_type=\"heading.default\">\n\t\t\t\t<div class=\"elementor-widget-container\">\n\t\t\t\t\t<h1 class=\"elementor-heading-title elementor-size-default\">About Us<\/h1>\t\t\t\t<\/div>\n\t\t\t\t<\/div>\n\t\t\t\t<div class=\"elementor-element elementor-element-6f0bf113 elementor-widget-divider--view-line elementor-widget elementor-widget-divider\" data-id=\"6f0bf113\" data-element_type=\"widget\" data-e-type=\"widget\" data-widget_type=\"divider.default\">\n\t\t\t\t<div class=\"elementor-widget-container\">\n\t\t\t\t\t\t\t<div class=\"elementor-divider\">\n\t\t\t<span class=\"elementor-divider-separator\">\n\t\t\t\t\t\t<\/span>\n\t\t<\/div>\n\t\t\t\t\t\t<\/div>\n\t\t\t\t<\/div>\n\t\t\t\t\t<\/div>\n\t\t<\/div>\n\t\t\t\t\t<\/div>\n\t\t<\/section>\n\t\t\t\t<section class=\"elementor-section elementor-top-section elementor-element elementor-element-7faef2ef elementor-section-boxed elementor-section-height-default elementor-section-height-default\" data-id=\"7faef2ef\" data-element_type=\"section\" data-e-type=\"section\" data-settings=\"{&quot;background_background&quot;:&quot;classic&quot;}\">\n\t\t\t\t\t\t<div class=\"elementor-container elementor-column-gap-default\">\n\t\t\t\t\t<div class=\"elementor-column elementor-col-50 elementor-top-column elementor-element elementor-element-4d15348e\" data-id=\"4d15348e\" data-element_type=\"column\" data-e-type=\"column\" data-settings=\"{&quot;background_background&quot;:&quot;classic&quot;}\">\n\t\t\t<div class=\"elementor-widget-wrap elementor-element-populated\">\n\t\t\t\t\t\t<div class=\"elementor-element elementor-element-37787c65 elementor-widget elementor-widget-heading\" data-id=\"37787c65\" data-element_type=\"widget\" data-e-type=\"widget\" data-widget_type=\"heading.default\">\n\t\t\t\t<div class=\"elementor-widget-container\">\n\t\t\t\t\t<h2 class=\"elementor-heading-title elementor-size-default\">Our history<\/h2>\t\t\t\t<\/div>\n\t\t\t\t<\/div>\n\t\t\t\t<div class=\"elementor-element elementor-element-47fe69f4 elementor-widget-divider--view-line elementor-widget elementor-widget-divider\" data-id=\"47fe69f4\" data-element_type=\"widget\" data-e-type=\"widget\" data-widget_type=\"divider.default\">\n\t\t\t\t<div class=\"elementor-widget-container\">\n\t\t\t\t\t\t\t<div class=\"elementor-divider\">\n\t\t\t<span class=\"elementor-divider-separator\">\n\t\t\t\t\t\t<\/span>\n\t\t<\/div>\n\t\t\t\t\t\t<\/div>\n\t\t\t\t<\/div>\n\t\t\t\t<div class=\"elementor-element elementor-element-5f413fdc elementor-widget elementor-widget-text-editor\" data-id=\"5f413fdc\" data-element_type=\"widget\" data-e-type=\"widget\" data-widget_type=\"text-editor.default\">\n\t\t\t\t<div class=\"elementor-widget-container\">\n\t\t\t\t\t\t\t\t\t<p id=\"tw-target-text\" class=\"tw-data-text tw-text-large XcVN5d tw-ta\" dir=\"ltr\" data-placeholder=\"\u00d6vers\u00e4ttning\"><span lang=\"sv\">Gefle Kartong grundades \u00e5r 1907 i G\u00e4vle. D\u00e5 tillverkade vi f\u00f6rpackningar i solid kartong f\u00f6r den regionala industrin. Idag levererar vi f\u00f6rpackningar i wellpapp och solid kartong, displaymaterial och emballage till Europa. Precis som i b\u00f6rjan skr\u00e4ddarsyr l\u00f6sningar vad g\u00e4ller design, funktion och logistik. Sedan 2018 \u00e4r vi ett hel\u00e4gt dotterbolag till FrontPac.<\/span><\/p>\t\t\t\t\t\t\t\t<\/div>\n\t\t\t\t<\/div>\n\t\t\t\t\t<\/div>\n\t\t<\/div>\n\t\t\t\t<div class=\"elementor-column elementor-col-50 elementor-top-column elementor-element elementor-element-bdbde79\" data-id=\"bdbde79\" data-element_type=\"column\" data-e-type=\"column\" data-settings=\"{&quot;background_background&quot;:&quot;classic&quot;}\">\n\t\t\t<div class=\"elementor-widget-wrap elementor-element-populated\">\n\t\t\t\t\t\t<div class=\"elementor-element elementor-element-17908dd6 elementor-widget elementor-widget-heading\" data-id=\"17908dd6\" data-element_type=\"widget\" data-e-type=\"widget\" data-widget_type=\"heading.default\">\n\t\t\t\t<div class=\"elementor-widget-container\">\n\t\t\t\t\t<h2 class=\"elementor-heading-title elementor-size-default\">V\u00e5ra tj\u00e4nster<\/h2>\t\t\t\t<\/div>\n\t\t\t\t<\/div>\n\t\t\t\t<div class=\"elementor-element elementor-element-2633ee71 elementor-widget-divider--view-line elementor-widget elementor-widget-divider\" data-id=\"2633ee71\" data-element_type=\"widget\" data-e-type=\"widget\" data-widget_type=\"divider.default\">\n\t\t\t\t<div class=\"elementor-widget-container\">\n\t\t\t\t\t\t\t<div class=\"elementor-divider\">\n\t\t\t<span class=\"elementor-divider-separator\">\n\t\t\t\t\t\t<\/span>\n\t\t<\/div>\n\t\t\t\t\t\t<\/div>\n\t\t\t\t<\/div>\n\t\t\t\t<div class=\"elementor-element elementor-element-2ed93db3 elementor-widget elementor-widget-text-editor\" data-id=\"2ed93db3\" data-element_type=\"widget\" data-e-type=\"widget\" data-widget_type=\"text-editor.default\">\n\t\t\t\t<div class=\"elementor-widget-container\">\n\t\t\t\t\t\t\t\t\t<p id=\"tw-target-text\" class=\"tw-data-text tw-text-large XcVN5d tw-ta\" dir=\"ltr\" data-placeholder=\"\u00d6vers\u00e4ttning\"><span lang=\"sv\">V\u00e5r designavdelning utvecklar f\u00f6rpackningsl\u00f6sningar baserat p\u00e5 dina specifika krav p\u00e5 funktion och utseende. Vi har ocks\u00e5 v\u00e5r egen reproavdelning med CTP, som kan hj\u00e4lpa dig med enklare originalbehandling. Dessutom erbjuder vi skr\u00e4ddarsydda logistikl\u00f6sningar som lagerh\u00e5llning av hel och\/eller halvfabrikat f\u00f6r att m\u00f6ta dina krav p\u00e5 snabba leveranser till l\u00e4gsta m\u00f6jliga kostnad.<\/span><\/p>\t\t\t\t\t\t\t\t<\/div>\n\t\t\t\t<\/div>\n\t\t\t\t\t<\/div>\n\t\t<\/div>\n\t\t\t\t\t<\/div>\n\t\t<\/section>\n\t\t\t\t<section class=\"elementor-section elementor-top-section elementor-element elementor-element-125751c1 elementor-section-boxed elementor-section-height-default elementor-section-height-default\" data-id=\"125751c1\" data-element_type=\"section\" data-e-type=\"section\" data-settings=\"{&quot;background_background&quot;:&quot;classic&quot;}\">\n\t\t\t\t\t\t<div class=\"elementor-container elementor-column-gap-default\">\n\t\t\t\t\t<div class=\"elementor-column elementor-col-100 elementor-top-column elementor-element elementor-element-500a6633\" data-id=\"500a6633\" data-element_type=\"column\" data-e-type=\"column\">\n\t\t\t<div class=\"elementor-widget-wrap elementor-element-populated\">\n\t\t\t\t\t\t<div class=\"elementor-element elementor-element-f6adacb elementor-widget elementor-widget-text-editor\" data-id=\"f6adacb\" data-element_type=\"widget\" data-e-type=\"widget\" data-widget_type=\"text-editor.default\">\n\t\t\t\t<div class=\"elementor-widget-container\">\n\t\t\t\t\t\t\t\t\t<p><em>Gefle Kartong finns alltid n\u00e4ra till hands n\u00e4r v\u00e5ra kunder beh\u00f6ver oss.<\/em><\/p>\t\t\t\t\t\t\t\t<\/div>\n\t\t\t\t<\/div>\n\t\t\t\t\t<\/div>\n\t\t<\/div>\n\t\t\t\t\t<\/div>\n\t\t<\/section>\n\t\t\t\t<\/div>","protected":false},"excerpt":{"rendered":"<p>Om oss V\u00e5r historia Gefle Kartong grundades \u00e5r 1907 i G\u00e4vle. D\u00e5 tillverkade vi f\u00f6rpackningar i solid kartong f\u00f6r den regionala industrin. Idag levererar vi f\u00f6rpackningar i wellpapp och solid kartong, displaymaterial och emballage till Europa. Precis som i b\u00f6rjan skr\u00e4ddarsyr l\u00f6sningar vad g\u00e4ller design, funktion och logistik. Sedan 2018 \u00e4r vi ett hel\u00e4gt dotterbolag [&hellip;]<\/p>\n","protected":false},"author":2,"featured_media":9526,"parent":0,"menu_order":0,"comment_status":"closed","ping_status":"closed","template":"","meta":{"_acf_changed":false,"footnotes":""},"class_list":["post-9502","page","type-page","status-publish","has-post-thumbnail","hentry"],"acf":[],"yoast_head":"<!-- This site is optimized with the Yoast SEO plugin v27.4 - https:\/\/yoast.com\/product\/yoast-seo-wordpress\/ -->\n<title>GKD - Om oss - L\u00e4s mer om v\u00e5ra f\u00f6rpackningar!<\/title>\n<meta name=\"description\" content=\"L\u00e4s mer om oss! Gefle Kartong \u00e4r en f\u00f6rpackningsleverant\u00f6r som levererar f\u00f6rpackningar, emballage och displaymaterial.\" \/>\n<meta name=\"robots\" content=\"index, follow, max-snippet:-1, max-image-preview:large, max-video-preview:-1\" \/>\n<link rel=\"canonical\" href=\"https:\/\/frontpac.com\/eng\/gkd-om-oss\/\" \/>\n<meta property=\"og:locale\" content=\"en_US\" \/>\n<meta property=\"og:type\" content=\"article\" \/>\n<meta property=\"og:title\" content=\"GKD - Om oss - L\u00e4s mer om v\u00e5ra f\u00f6rpackningar!\" \/>\n<meta property=\"og:description\" content=\"L\u00e4s mer om oss! Gefle Kartong \u00e4r en f\u00f6rpackningsleverant\u00f6r som levererar f\u00f6rpackningar, emballage och displaymaterial.\" \/>\n<meta property=\"og:url\" content=\"https:\/\/frontpac.com\/eng\/gkd-om-oss\/\" \/>\n<meta property=\"og:site_name\" content=\"FrontPac\" \/>\n<meta property=\"article:publisher\" content=\"https:\/\/www.facebook.com\/FrontPac\/\" \/>\n<meta property=\"article:modified_time\" content=\"2026-01-07T09:27:12+00:00\" \/>\n<meta property=\"og:image\" content=\"https:\/\/frontpac.com\/wp-content\/uploads\/2025\/12\/Beskrivning-GKD.png\" \/>\n\t<meta property=\"og:image:width\" content=\"800\" \/>\n\t<meta property=\"og:image:height\" content=\"848\" \/>\n\t<meta property=\"og:image:type\" content=\"image\/png\" \/>\n<meta name=\"twitter:card\" content=\"summary_large_image\" \/>\n<meta name=\"twitter:label1\" content=\"Est. reading time\" \/>\n\t<meta name=\"twitter:data1\" content=\"1 minute\" \/>\n<script type=\"application\/ld+json\" class=\"yoast-schema-graph\">{\"@context\":\"https:\\\/\\\/schema.org\",\"@graph\":[{\"@type\":\"WebPage\",\"@id\":\"https:\\\/\\\/frontpac.com\\\/gkd-om-oss\\\/\",\"url\":\"https:\\\/\\\/frontpac.com\\\/gkd-om-oss\\\/\",\"name\":\"GKD - Om oss - L\u00e4s mer om v\u00e5ra f\u00f6rpackningar!\",\"isPartOf\":{\"@id\":\"https:\\\/\\\/frontpac.com\\\/#website\"},\"primaryImageOfPage\":{\"@id\":\"https:\\\/\\\/frontpac.com\\\/gkd-om-oss\\\/#primaryimage\"},\"image\":{\"@id\":\"https:\\\/\\\/frontpac.com\\\/gkd-om-oss\\\/#primaryimage\"},\"thumbnailUrl\":\"https:\\\/\\\/frontpac.com\\\/wp-content\\\/uploads\\\/2025\\\/12\\\/Beskrivning-GKD.png\",\"datePublished\":\"2025-12-02T10:14:52+00:00\",\"dateModified\":\"2026-01-07T09:27:12+00:00\",\"description\":\"L\u00e4s mer om oss! Gefle Kartong \u00e4r en f\u00f6rpackningsleverant\u00f6r som levererar f\u00f6rpackningar, emballage och displaymaterial.\",\"breadcrumb\":{\"@id\":\"https:\\\/\\\/frontpac.com\\\/gkd-om-oss\\\/#breadcrumb\"},\"inLanguage\":\"en-US\",\"potentialAction\":[{\"@type\":\"ReadAction\",\"target\":[\"https:\\\/\\\/frontpac.com\\\/gkd-om-oss\\\/\"]}]},{\"@type\":\"ImageObject\",\"inLanguage\":\"en-US\",\"@id\":\"https:\\\/\\\/frontpac.com\\\/gkd-om-oss\\\/#primaryimage\",\"url\":\"https:\\\/\\\/frontpac.com\\\/wp-content\\\/uploads\\\/2025\\\/12\\\/Beskrivning-GKD.png\",\"contentUrl\":\"https:\\\/\\\/frontpac.com\\\/wp-content\\\/uploads\\\/2025\\\/12\\\/Beskrivning-GKD.png\",\"width\":800,\"height\":848,\"caption\":\"Kontakt\"},{\"@type\":\"BreadcrumbList\",\"@id\":\"https:\\\/\\\/frontpac.com\\\/gkd-om-oss\\\/#breadcrumb\",\"itemListElement\":[{\"@type\":\"ListItem\",\"position\":1,\"name\":\"Hem\",\"item\":\"https:\\\/\\\/frontpac.com\\\/\"},{\"@type\":\"ListItem\",\"position\":2,\"name\":\"GKD &#8211; Om oss\"}]},{\"@type\":\"WebSite\",\"@id\":\"https:\\\/\\\/frontpac.com\\\/#website\",\"url\":\"https:\\\/\\\/frontpac.com\\\/\",\"name\":\"FrontPac\",\"description\":\"FrontPac\",\"publisher\":{\"@id\":\"https:\\\/\\\/frontpac.com\\\/#organization\"},\"potentialAction\":[{\"@type\":\"SearchAction\",\"target\":{\"@type\":\"EntryPoint\",\"urlTemplate\":\"https:\\\/\\\/frontpac.com\\\/?s={search_term_string}\"},\"query-input\":{\"@type\":\"PropertyValueSpecification\",\"valueRequired\":true,\"valueName\":\"search_term_string\"}}],\"inLanguage\":\"en-US\"},{\"@type\":\"Organization\",\"@id\":\"https:\\\/\\\/frontpac.com\\\/#organization\",\"name\":\"FrontPac\",\"url\":\"https:\\\/\\\/frontpac.com\\\/\",\"logo\":{\"@type\":\"ImageObject\",\"inLanguage\":\"en-US\",\"@id\":\"https:\\\/\\\/frontpac.com\\\/#\\\/schema\\\/logo\\\/image\\\/\",\"url\":\"https:\\\/\\\/frontpac.com\\\/wp-content\\\/uploads\\\/2025\\\/04\\\/FrontPac_comp_logo_orange_cmyk-scaled.jpg\",\"contentUrl\":\"https:\\\/\\\/frontpac.com\\\/wp-content\\\/uploads\\\/2025\\\/04\\\/FrontPac_comp_logo_orange_cmyk-scaled.jpg\",\"width\":2560,\"height\":2560,\"caption\":\"FrontPac\"},\"image\":{\"@id\":\"https:\\\/\\\/frontpac.com\\\/#\\\/schema\\\/logo\\\/image\\\/\"},\"sameAs\":[\"https:\\\/\\\/www.facebook.com\\\/FrontPac\\\/\",\"https:\\\/\\\/www.linkedin.com\\\/company\\\/frontpac-ab\\\/\"]}]}<\/script>\n<!-- \/ Yoast SEO plugin. -->","yoast_head_json":{"title":"GKD - Om oss - L\u00e4s mer om v\u00e5ra f\u00f6rpackningar!","description":"L\u00e4s mer om oss! Gefle Kartong \u00e4r en f\u00f6rpackningsleverant\u00f6r som levererar f\u00f6rpackningar, emballage och displaymaterial.","robots":{"index":"index","follow":"follow","max-snippet":"max-snippet:-1","max-image-preview":"max-image-preview:large","max-video-preview":"max-video-preview:-1"},"canonical":"https:\/\/frontpac.com\/eng\/gkd-om-oss\/","og_locale":"en_US","og_type":"article","og_title":"GKD - Om oss - L\u00e4s mer om v\u00e5ra f\u00f6rpackningar!","og_description":"L\u00e4s mer om oss! Gefle Kartong \u00e4r en f\u00f6rpackningsleverant\u00f6r som levererar f\u00f6rpackningar, emballage och displaymaterial.","og_url":"https:\/\/frontpac.com\/eng\/gkd-om-oss\/","og_site_name":"FrontPac","article_publisher":"https:\/\/www.facebook.com\/FrontPac\/","article_modified_time":"2026-01-07T09:27:12+00:00","og_image":[{"width":800,"height":848,"url":"https:\/\/frontpac.com\/wp-content\/uploads\/2025\/12\/Beskrivning-GKD.png","type":"image\/png"}],"twitter_card":"summary_large_image","twitter_misc":{"Est. reading time":"1 minute"},"schema":{"@context":"https:\/\/schema.org","@graph":[{"@type":"WebPage","@id":"https:\/\/frontpac.com\/gkd-om-oss\/","url":"https:\/\/frontpac.com\/gkd-om-oss\/","name":"GKD - Om oss - L\u00e4s mer om v\u00e5ra f\u00f6rpackningar!","isPartOf":{"@id":"https:\/\/frontpac.com\/#website"},"primaryImageOfPage":{"@id":"https:\/\/frontpac.com\/gkd-om-oss\/#primaryimage"},"image":{"@id":"https:\/\/frontpac.com\/gkd-om-oss\/#primaryimage"},"thumbnailUrl":"https:\/\/frontpac.com\/wp-content\/uploads\/2025\/12\/Beskrivning-GKD.png","datePublished":"2025-12-02T10:14:52+00:00","dateModified":"2026-01-07T09:27:12+00:00","description":"L\u00e4s mer om oss! Gefle Kartong \u00e4r en f\u00f6rpackningsleverant\u00f6r som levererar f\u00f6rpackningar, emballage och displaymaterial.","breadcrumb":{"@id":"https:\/\/frontpac.com\/gkd-om-oss\/#breadcrumb"},"inLanguage":"en-US","potentialAction":[{"@type":"ReadAction","target":["https:\/\/frontpac.com\/gkd-om-oss\/"]}]},{"@type":"ImageObject","inLanguage":"en-US","@id":"https:\/\/frontpac.com\/gkd-om-oss\/#primaryimage","url":"https:\/\/frontpac.com\/wp-content\/uploads\/2025\/12\/Beskrivning-GKD.png","contentUrl":"https:\/\/frontpac.com\/wp-content\/uploads\/2025\/12\/Beskrivning-GKD.png","width":800,"height":848,"caption":"Kontakt"},{"@type":"BreadcrumbList","@id":"https:\/\/frontpac.com\/gkd-om-oss\/#breadcrumb","itemListElement":[{"@type":"ListItem","position":1,"name":"Hem","item":"https:\/\/frontpac.com\/"},{"@type":"ListItem","position":2,"name":"GKD &#8211; Om oss"}]},{"@type":"WebSite","@id":"https:\/\/frontpac.com\/#website","url":"https:\/\/frontpac.com\/","name":"FrontPac","description":"FrontPac","publisher":{"@id":"https:\/\/frontpac.com\/#organization"},"potentialAction":[{"@type":"SearchAction","target":{"@type":"EntryPoint","urlTemplate":"https:\/\/frontpac.com\/?s={search_term_string}"},"query-input":{"@type":"PropertyValueSpecification","valueRequired":true,"valueName":"search_term_string"}}],"inLanguage":"en-US"},{"@type":"Organization","@id":"https:\/\/frontpac.com\/#organization","name":"FrontPac","url":"https:\/\/frontpac.com\/","logo":{"@type":"ImageObject","inLanguage":"en-US","@id":"https:\/\/frontpac.com\/#\/schema\/logo\/image\/","url":"https:\/\/frontpac.com\/wp-content\/uploads\/2025\/04\/FrontPac_comp_logo_orange_cmyk-scaled.jpg","contentUrl":"https:\/\/frontpac.com\/wp-content\/uploads\/2025\/04\/FrontPac_comp_logo_orange_cmyk-scaled.jpg","width":2560,"height":2560,"caption":"FrontPac"},"image":{"@id":"https:\/\/frontpac.com\/#\/schema\/logo\/image\/"},"sameAs":["https:\/\/www.facebook.com\/FrontPac\/","https:\/\/www.linkedin.com\/company\/frontpac-ab\/"]}]}},"_links":{"self":[{"href":"https:\/\/frontpac.com\/eng\/wp-json\/wp\/v2\/pages\/9502","targetHints":{"allow":["GET"]}}],"collection":[{"href":"https:\/\/frontpac.com\/eng\/wp-json\/wp\/v2\/pages"}],"about":[{"href":"https:\/\/frontpac.com\/eng\/wp-json\/wp\/v2\/types\/page"}],"author":[{"embeddable":true,"href":"https:\/\/frontpac.com\/eng\/wp-json\/wp\/v2\/users\/2"}],"replies":[{"embeddable":true,"href":"https:\/\/frontpac.com\/eng\/wp-json\/wp\/v2\/comments?post=9502"}],"version-history":[{"count":19,"href":"https:\/\/frontpac.com\/eng\/wp-json\/wp\/v2\/pages\/9502\/revisions"}],"predecessor-version":[{"id":9887,"href":"https:\/\/frontpac.com\/eng\/wp-json\/wp\/v2\/pages\/9502\/revisions\/9887"}],"wp:featuredmedia":[{"embeddable":true,"href":"https:\/\/frontpac.com\/eng\/wp-json\/wp\/v2\/media\/9526"}],"wp:attachment":[{"href":"https:\/\/frontpac.com\/eng\/wp-json\/wp\/v2\/media?parent=9502"}],"curies":[{"name":"wp","href":"https:\/\/api.w.org\/{rel}","templated":true}]}}