{"id":9504,"date":"2025-12-02T10:15:21","date_gmt":"2025-12-02T10:15:21","guid":{"rendered":"https:\/\/frontpac.com\/?page_id=9504"},"modified":"2026-01-28T08:36:02","modified_gmt":"2026-01-28T08:36:02","slug":"gkd-solid-kartong","status":"publish","type":"page","link":"https:\/\/frontpac.com\/eng\/gkd-solid-kartong\/","title":{"rendered":"GKD &#8211; Solid kartong"},"content":{"rendered":"<div data-elementor-type=\"wp-page\" data-elementor-id=\"9504\" class=\"elementor elementor-9504\" data-elementor-post-type=\"page\">\n\t\t\t\t\t\t<section class=\"elementor-section elementor-top-section elementor-element elementor-element-610e4b62 elementor-section-boxed elementor-section-height-default elementor-section-height-default\" data-id=\"610e4b62\" data-element_type=\"section\" data-e-type=\"section\">\n\t\t\t\t\t\t<div class=\"elementor-container elementor-column-gap-default\">\n\t\t\t\t\t<div class=\"elementor-column elementor-col-100 elementor-top-column elementor-element elementor-element-30abde40\" data-id=\"30abde40\" data-element_type=\"column\" data-e-type=\"column\">\n\t\t\t<div class=\"elementor-widget-wrap elementor-element-populated\">\n\t\t\t\t\t\t<div class=\"elementor-element elementor-element-5b3a7d5b elementor-widget elementor-widget-heading\" data-id=\"5b3a7d5b\" data-element_type=\"widget\" data-e-type=\"widget\" data-widget_type=\"heading.default\">\n\t\t\t\t<div class=\"elementor-widget-container\">\n\t\t\t\t\t<h1 class=\"elementor-heading-title elementor-size-default\">Solid kartong<\/h1>\t\t\t\t<\/div>\n\t\t\t\t<\/div>\n\t\t\t\t<div class=\"elementor-element elementor-element-6ae83162 elementor-widget-divider--view-line elementor-widget elementor-widget-divider\" data-id=\"6ae83162\" data-element_type=\"widget\" data-e-type=\"widget\" data-widget_type=\"divider.default\">\n\t\t\t\t<div class=\"elementor-widget-container\">\n\t\t\t\t\t\t\t<div class=\"elementor-divider\">\n\t\t\t<span class=\"elementor-divider-separator\">\n\t\t\t\t\t\t<\/span>\n\t\t<\/div>\n\t\t\t\t\t\t<\/div>\n\t\t\t\t<\/div>\n\t\t\t\t\t<\/div>\n\t\t<\/div>\n\t\t\t\t\t<\/div>\n\t\t<\/section>\n\t\t\t\t<section class=\"elementor-section elementor-top-section elementor-element elementor-element-3da3fe93 elementor-hidden-phone elementor-section-boxed elementor-section-height-default elementor-section-height-default\" data-id=\"3da3fe93\" data-element_type=\"section\" data-e-type=\"section\" data-settings=\"{&quot;background_background&quot;:&quot;classic&quot;}\">\n\t\t\t\t\t\t<div class=\"elementor-container elementor-column-gap-default\">\n\t\t\t\t\t<div class=\"elementor-column elementor-col-50 elementor-top-column elementor-element elementor-element-3e031296\" data-id=\"3e031296\" data-element_type=\"column\" data-e-type=\"column\">\n\t\t\t<div class=\"elementor-widget-wrap elementor-element-populated\">\n\t\t\t\t\t\t<div class=\"elementor-element elementor-element-3f8c3ca elementor-widget elementor-widget-image\" data-id=\"3f8c3ca\" data-element_type=\"widget\" data-e-type=\"widget\" data-widget_type=\"image.default\">\n\t\t\t\t<div class=\"elementor-widget-container\">\n\t\t\t\t\t\t\t\t\t\t\t\t\t\t\t<img fetchpriority=\"high\" decoding=\"async\" width=\"265\" height=\"300\" src=\"https:\/\/frontpac.com\/wp-content\/uploads\/2025\/12\/Forpackning-kartong-hard-head-265x300.jpg\" class=\"attachment-medium size-medium wp-image-9548\" alt=\"Solid Kartong\" srcset=\"https:\/\/frontpac.com\/wp-content\/uploads\/2025\/12\/Forpackning-kartong-hard-head-265x300.jpg 265w, https:\/\/frontpac.com\/wp-content\/uploads\/2025\/12\/Forpackning-kartong-hard-head-11x12.jpg 11w, https:\/\/frontpac.com\/wp-content\/uploads\/2025\/12\/Forpackning-kartong-hard-head.jpg 707w\" sizes=\"(max-width: 265px) 100vw, 265px\" \/>\t\t\t\t\t\t\t\t\t\t\t\t\t\t\t<\/div>\n\t\t\t\t<\/div>\n\t\t\t\t\t<\/div>\n\t\t<\/div>\n\t\t\t\t<div class=\"elementor-column elementor-col-50 elementor-top-column elementor-element elementor-element-5a7f05e0\" data-id=\"5a7f05e0\" data-element_type=\"column\" data-e-type=\"column\">\n\t\t\t<div class=\"elementor-widget-wrap elementor-element-populated\">\n\t\t\t\t\t\t<div class=\"elementor-element elementor-element-18d3dc89 elementor-widget elementor-widget-image\" data-id=\"18d3dc89\" data-element_type=\"widget\" data-e-type=\"widget\" data-widget_type=\"image.default\">\n\t\t\t\t<div class=\"elementor-widget-container\">\n\t\t\t\t\t\t\t\t\t\t\t\t\t\t\t<img decoding=\"async\" width=\"300\" height=\"276\" src=\"https:\/\/frontpac.com\/wp-content\/uploads\/2025\/12\/Forpackning-kartong-gigant-300x276.jpg\" class=\"attachment-medium size-medium wp-image-9549\" alt=\"\" srcset=\"https:\/\/frontpac.com\/wp-content\/uploads\/2025\/12\/Forpackning-kartong-gigant-300x276.jpg 300w, https:\/\/frontpac.com\/wp-content\/uploads\/2025\/12\/Forpackning-kartong-gigant-768x707.jpg 768w, https:\/\/frontpac.com\/wp-content\/uploads\/2025\/12\/Forpackning-kartong-gigant-13x12.jpg 13w, https:\/\/frontpac.com\/wp-content\/uploads\/2025\/12\/Forpackning-kartong-gigant.jpg 800w\" sizes=\"(max-width: 300px) 100vw, 300px\" \/>\t\t\t\t\t\t\t\t\t\t\t\t\t\t\t<\/div>\n\t\t\t\t<\/div>\n\t\t\t\t\t<\/div>\n\t\t<\/div>\n\t\t\t\t\t<\/div>\n\t\t<\/section>\n\t\t\t\t<section class=\"elementor-section elementor-top-section elementor-element elementor-element-5416e8d2 elementor-section-boxed elementor-section-height-default elementor-section-height-default\" data-id=\"5416e8d2\" data-element_type=\"section\" data-e-type=\"section\" data-settings=\"{&quot;background_background&quot;:&quot;classic&quot;}\">\n\t\t\t\t\t\t<div class=\"elementor-container elementor-column-gap-default\">\n\t\t\t\t\t<div class=\"elementor-column elementor-col-50 elementor-top-column elementor-element elementor-element-3e1aa740\" data-id=\"3e1aa740\" data-element_type=\"column\" data-e-type=\"column\" data-settings=\"{&quot;background_background&quot;:&quot;classic&quot;}\">\n\t\t\t<div class=\"elementor-widget-wrap elementor-element-populated\">\n\t\t\t\t\t\t<div class=\"elementor-element elementor-element-2d996276 elementor-widget elementor-widget-heading\" data-id=\"2d996276\" data-element_type=\"widget\" data-e-type=\"widget\" data-widget_type=\"heading.default\">\n\t\t\t\t<div class=\"elementor-widget-container\">\n\t\t\t\t\t<h2 class=\"elementor-heading-title elementor-size-default\">F\u00f6rpackning i solid kartong<\/h2>\t\t\t\t<\/div>\n\t\t\t\t<\/div>\n\t\t\t\t<div class=\"elementor-element elementor-element-5f32996e elementor-widget-divider--view-line elementor-widget elementor-widget-divider\" data-id=\"5f32996e\" data-element_type=\"widget\" data-e-type=\"widget\" data-widget_type=\"divider.default\">\n\t\t\t\t<div class=\"elementor-widget-container\">\n\t\t\t\t\t\t\t<div class=\"elementor-divider\">\n\t\t\t<span class=\"elementor-divider-separator\">\n\t\t\t\t\t\t<\/span>\n\t\t<\/div>\n\t\t\t\t\t\t<\/div>\n\t\t\t\t<\/div>\n\t\t\t\t<div class=\"elementor-element elementor-element-1a744d70 elementor-widget elementor-widget-text-editor\" data-id=\"1a744d70\" data-element_type=\"widget\" data-e-type=\"widget\" data-widget_type=\"text-editor.default\">\n\t\t\t\t<div class=\"elementor-widget-container\">\n\t\t\t\t\t\t\t\t\t<p>Solid kartong l\u00e4mpar sig bra till de lite mindre f\u00f6rpackningarna. Vi tillverkar kapslar i alla modeller i m\u00e5nga olika materialkvalit\u00e9er beroende p\u00e5 dina krav. Trycket l\u00e4ggs i offset i 4-f\u00e4rgstryck. Vid mindre upplagor \u00e4r \u00e4ven screentryck eller digitaltryck m\u00f6jligt.<\/p>\t\t\t\t\t\t\t\t<\/div>\n\t\t\t\t<\/div>\n\t\t\t\t\t<\/div>\n\t\t<\/div>\n\t\t\t\t<div class=\"elementor-column elementor-col-50 elementor-top-column elementor-element elementor-element-679e5def\" data-id=\"679e5def\" data-element_type=\"column\" data-e-type=\"column\" data-settings=\"{&quot;background_background&quot;:&quot;classic&quot;}\">\n\t\t\t<div class=\"elementor-widget-wrap elementor-element-populated\">\n\t\t\t\t\t\t<div class=\"elementor-element elementor-element-5e683a3c elementor-widget elementor-widget-heading\" data-id=\"5e683a3c\" data-element_type=\"widget\" data-e-type=\"widget\" data-widget_type=\"heading.default\">\n\t\t\t\t<div class=\"elementor-widget-container\">\n\t\t\t\t\t<h2 class=\"elementor-heading-title elementor-size-default\">Vi hj\u00e4lper dig<\/h2>\t\t\t\t<\/div>\n\t\t\t\t<\/div>\n\t\t\t\t<div class=\"elementor-element elementor-element-62438ac4 elementor-widget-divider--view-line elementor-widget elementor-widget-divider\" data-id=\"62438ac4\" data-element_type=\"widget\" data-e-type=\"widget\" data-widget_type=\"divider.default\">\n\t\t\t\t<div class=\"elementor-widget-container\">\n\t\t\t\t\t\t\t<div class=\"elementor-divider\">\n\t\t\t<span class=\"elementor-divider-separator\">\n\t\t\t\t\t\t<\/span>\n\t\t<\/div>\n\t\t\t\t\t\t<\/div>\n\t\t\t\t<\/div>\n\t\t\t\t<div class=\"elementor-element elementor-element-5a541dc6 elementor-widget elementor-widget-text-editor\" data-id=\"5a541dc6\" data-element_type=\"widget\" data-e-type=\"widget\" data-widget_type=\"text-editor.default\">\n\t\t\t\t<div class=\"elementor-widget-container\">\n\t\t\t\t\t\t\t\t\t<p class=\"MsoNormal\">V\u00e5r konstruktionsavdelning ger r\u00e5d om modell och material f\u00f6r att passa just den specifika produkten i alla avseenden som exempelvis resning, utseende och funktion. F\u00f6rpackningen trycks sedan i offset.<\/p>\t\t\t\t\t\t\t\t<\/div>\n\t\t\t\t<\/div>\n\t\t\t\t\t<\/div>\n\t\t<\/div>\n\t\t\t\t\t<\/div>\n\t\t<\/section>\n\t\t\t\t<section class=\"elementor-section elementor-top-section elementor-element elementor-element-2b8daf8e elementor-section-boxed elementor-section-height-default elementor-section-height-default\" data-id=\"2b8daf8e\" data-element_type=\"section\" data-e-type=\"section\" data-settings=\"{&quot;background_background&quot;:&quot;classic&quot;}\">\n\t\t\t\t\t\t<div class=\"elementor-container elementor-column-gap-default\">\n\t\t\t\t\t<div class=\"elementor-column elementor-col-100 elementor-top-column elementor-element elementor-element-3a847085\" data-id=\"3a847085\" data-element_type=\"column\" data-e-type=\"column\">\n\t\t\t<div class=\"elementor-widget-wrap elementor-element-populated\">\n\t\t\t\t\t\t<div class=\"elementor-element elementor-element-7d4d6331 elementor-widget elementor-widget-text-editor\" data-id=\"7d4d6331\" data-element_type=\"widget\" data-e-type=\"widget\" data-widget_type=\"text-editor.default\">\n\t\t\t\t<div class=\"elementor-widget-container\">\n\t\t\t\t\t\t\t\t\t<p><em>Gefle Kartongs produktion sker uteslutande i Sverige med svenska r\u00e5varor.\u200b<\/em><\/p>\t\t\t\t\t\t\t\t<\/div>\n\t\t\t\t<\/div>\n\t\t\t\t\t<\/div>\n\t\t<\/div>\n\t\t\t\t\t<\/div>\n\t\t<\/section>\n\t\t\t\t<\/div>","protected":false},"excerpt":{"rendered":"<p>Solid kartong F\u00f6rpackning i solid kartong Solid kartong l\u00e4mpar sig bra till de lite mindre f\u00f6rpackningarna. Vi tillverkar kapslar i alla modeller i m\u00e5nga olika materialkvalit\u00e9er beroende p\u00e5 dina krav. Trycket l\u00e4ggs i offset i 4-f\u00e4rgstryck. Vid mindre upplagor \u00e4r \u00e4ven screentryck eller digitaltryck m\u00f6jligt. Vi hj\u00e4lper dig V\u00e5r konstruktionsavdelning ger r\u00e5d om modell och [&hellip;]<\/p>\n","protected":false},"author":2,"featured_media":9548,"parent":0,"menu_order":0,"comment_status":"closed","ping_status":"closed","template":"","meta":{"_acf_changed":false,"footnotes":""},"class_list":["post-9504","page","type-page","status-publish","has-post-thumbnail","hentry"],"acf":[],"yoast_head":"<!-- This site is optimized with the Yoast SEO plugin v27.4 - https:\/\/yoast.com\/product\/yoast-seo-wordpress\/ -->\n<title>GKD - Solid kartong - Vi tillverkar f\u00f6rpackningar!<\/title>\n<meta name=\"description\" content=\"Solid kartong l\u00e4mpar sig bra till de mindre f\u00f6rpackningarna. Vi producerar i olika materialkvalit\u00e9er beroende p\u00e5 dina krav.\" \/>\n<meta name=\"robots\" content=\"index, follow, max-snippet:-1, max-image-preview:large, max-video-preview:-1\" \/>\n<link rel=\"canonical\" href=\"https:\/\/frontpac.com\/eng\/gkd-solid-kartong\/\" \/>\n<meta property=\"og:locale\" content=\"en_US\" \/>\n<meta property=\"og:type\" content=\"article\" \/>\n<meta property=\"og:title\" content=\"GKD - Solid kartong - Vi tillverkar f\u00f6rpackningar!\" \/>\n<meta property=\"og:description\" content=\"Solid kartong l\u00e4mpar sig bra till de mindre f\u00f6rpackningarna. Vi producerar i olika materialkvalit\u00e9er beroende p\u00e5 dina krav.\" \/>\n<meta property=\"og:url\" content=\"https:\/\/frontpac.com\/eng\/gkd-solid-kartong\/\" \/>\n<meta property=\"og:site_name\" content=\"FrontPac\" \/>\n<meta property=\"article:publisher\" content=\"https:\/\/www.facebook.com\/FrontPac\/\" \/>\n<meta property=\"article:modified_time\" content=\"2026-01-28T08:36:02+00:00\" \/>\n<meta property=\"og:image\" content=\"https:\/\/frontpac.com\/wp-content\/uploads\/2025\/12\/Forpackning-kartong-hard-head.jpg\" \/>\n\t<meta property=\"og:image:width\" content=\"707\" \/>\n\t<meta property=\"og:image:height\" content=\"800\" \/>\n\t<meta property=\"og:image:type\" content=\"image\/jpeg\" \/>\n<meta name=\"twitter:card\" content=\"summary_large_image\" \/>\n<meta name=\"twitter:label1\" content=\"Est. reading time\" \/>\n\t<meta name=\"twitter:data1\" content=\"2 minutes\" \/>\n<script type=\"application\/ld+json\" class=\"yoast-schema-graph\">{\"@context\":\"https:\\\/\\\/schema.org\",\"@graph\":[{\"@type\":\"WebPage\",\"@id\":\"https:\\\/\\\/frontpac.com\\\/gkd-solid-kartong\\\/\",\"url\":\"https:\\\/\\\/frontpac.com\\\/gkd-solid-kartong\\\/\",\"name\":\"GKD - Solid kartong - Vi tillverkar f\u00f6rpackningar!\",\"isPartOf\":{\"@id\":\"https:\\\/\\\/frontpac.com\\\/#website\"},\"primaryImageOfPage\":{\"@id\":\"https:\\\/\\\/frontpac.com\\\/gkd-solid-kartong\\\/#primaryimage\"},\"image\":{\"@id\":\"https:\\\/\\\/frontpac.com\\\/gkd-solid-kartong\\\/#primaryimage\"},\"thumbnailUrl\":\"https:\\\/\\\/frontpac.com\\\/wp-content\\\/uploads\\\/2025\\\/12\\\/Forpackning-kartong-hard-head.jpg\",\"datePublished\":\"2025-12-02T10:15:21+00:00\",\"dateModified\":\"2026-01-28T08:36:02+00:00\",\"description\":\"Solid kartong l\u00e4mpar sig bra till de mindre f\u00f6rpackningarna. Vi producerar i olika materialkvalit\u00e9er beroende p\u00e5 dina krav.\",\"breadcrumb\":{\"@id\":\"https:\\\/\\\/frontpac.com\\\/gkd-solid-kartong\\\/#breadcrumb\"},\"inLanguage\":\"en-US\",\"potentialAction\":[{\"@type\":\"ReadAction\",\"target\":[\"https:\\\/\\\/frontpac.com\\\/gkd-solid-kartong\\\/\"]}]},{\"@type\":\"ImageObject\",\"inLanguage\":\"en-US\",\"@id\":\"https:\\\/\\\/frontpac.com\\\/gkd-solid-kartong\\\/#primaryimage\",\"url\":\"https:\\\/\\\/frontpac.com\\\/wp-content\\\/uploads\\\/2025\\\/12\\\/Forpackning-kartong-hard-head.jpg\",\"contentUrl\":\"https:\\\/\\\/frontpac.com\\\/wp-content\\\/uploads\\\/2025\\\/12\\\/Forpackning-kartong-hard-head.jpg\",\"width\":707,\"height\":800,\"caption\":\"Solid Kartong\"},{\"@type\":\"BreadcrumbList\",\"@id\":\"https:\\\/\\\/frontpac.com\\\/gkd-solid-kartong\\\/#breadcrumb\",\"itemListElement\":[{\"@type\":\"ListItem\",\"position\":1,\"name\":\"Hem\",\"item\":\"https:\\\/\\\/frontpac.com\\\/\"},{\"@type\":\"ListItem\",\"position\":2,\"name\":\"GKD &#8211; Solid kartong\"}]},{\"@type\":\"WebSite\",\"@id\":\"https:\\\/\\\/frontpac.com\\\/#website\",\"url\":\"https:\\\/\\\/frontpac.com\\\/\",\"name\":\"FrontPac\",\"description\":\"FrontPac\",\"publisher\":{\"@id\":\"https:\\\/\\\/frontpac.com\\\/#organization\"},\"potentialAction\":[{\"@type\":\"SearchAction\",\"target\":{\"@type\":\"EntryPoint\",\"urlTemplate\":\"https:\\\/\\\/frontpac.com\\\/?s={search_term_string}\"},\"query-input\":{\"@type\":\"PropertyValueSpecification\",\"valueRequired\":true,\"valueName\":\"search_term_string\"}}],\"inLanguage\":\"en-US\"},{\"@type\":\"Organization\",\"@id\":\"https:\\\/\\\/frontpac.com\\\/#organization\",\"name\":\"FrontPac\",\"url\":\"https:\\\/\\\/frontpac.com\\\/\",\"logo\":{\"@type\":\"ImageObject\",\"inLanguage\":\"en-US\",\"@id\":\"https:\\\/\\\/frontpac.com\\\/#\\\/schema\\\/logo\\\/image\\\/\",\"url\":\"https:\\\/\\\/frontpac.com\\\/wp-content\\\/uploads\\\/2025\\\/04\\\/FrontPac_comp_logo_orange_cmyk-scaled.jpg\",\"contentUrl\":\"https:\\\/\\\/frontpac.com\\\/wp-content\\\/uploads\\\/2025\\\/04\\\/FrontPac_comp_logo_orange_cmyk-scaled.jpg\",\"width\":2560,\"height\":2560,\"caption\":\"FrontPac\"},\"image\":{\"@id\":\"https:\\\/\\\/frontpac.com\\\/#\\\/schema\\\/logo\\\/image\\\/\"},\"sameAs\":[\"https:\\\/\\\/www.facebook.com\\\/FrontPac\\\/\",\"https:\\\/\\\/www.linkedin.com\\\/company\\\/frontpac-ab\\\/\"]}]}<\/script>\n<!-- \/ Yoast SEO plugin. -->","yoast_head_json":{"title":"GKD - Solid kartong - Vi tillverkar f\u00f6rpackningar!","description":"Solid kartong l\u00e4mpar sig bra till de mindre f\u00f6rpackningarna. Vi producerar i olika materialkvalit\u00e9er beroende p\u00e5 dina krav.","robots":{"index":"index","follow":"follow","max-snippet":"max-snippet:-1","max-image-preview":"max-image-preview:large","max-video-preview":"max-video-preview:-1"},"canonical":"https:\/\/frontpac.com\/eng\/gkd-solid-kartong\/","og_locale":"en_US","og_type":"article","og_title":"GKD - Solid kartong - Vi tillverkar f\u00f6rpackningar!","og_description":"Solid kartong l\u00e4mpar sig bra till de mindre f\u00f6rpackningarna. Vi producerar i olika materialkvalit\u00e9er beroende p\u00e5 dina krav.","og_url":"https:\/\/frontpac.com\/eng\/gkd-solid-kartong\/","og_site_name":"FrontPac","article_publisher":"https:\/\/www.facebook.com\/FrontPac\/","article_modified_time":"2026-01-28T08:36:02+00:00","og_image":[{"width":707,"height":800,"url":"https:\/\/frontpac.com\/wp-content\/uploads\/2025\/12\/Forpackning-kartong-hard-head.jpg","type":"image\/jpeg"}],"twitter_card":"summary_large_image","twitter_misc":{"Est. reading time":"2 minutes"},"schema":{"@context":"https:\/\/schema.org","@graph":[{"@type":"WebPage","@id":"https:\/\/frontpac.com\/gkd-solid-kartong\/","url":"https:\/\/frontpac.com\/gkd-solid-kartong\/","name":"GKD - Solid kartong - Vi tillverkar f\u00f6rpackningar!","isPartOf":{"@id":"https:\/\/frontpac.com\/#website"},"primaryImageOfPage":{"@id":"https:\/\/frontpac.com\/gkd-solid-kartong\/#primaryimage"},"image":{"@id":"https:\/\/frontpac.com\/gkd-solid-kartong\/#primaryimage"},"thumbnailUrl":"https:\/\/frontpac.com\/wp-content\/uploads\/2025\/12\/Forpackning-kartong-hard-head.jpg","datePublished":"2025-12-02T10:15:21+00:00","dateModified":"2026-01-28T08:36:02+00:00","description":"Solid kartong l\u00e4mpar sig bra till de mindre f\u00f6rpackningarna. Vi producerar i olika materialkvalit\u00e9er beroende p\u00e5 dina krav.","breadcrumb":{"@id":"https:\/\/frontpac.com\/gkd-solid-kartong\/#breadcrumb"},"inLanguage":"en-US","potentialAction":[{"@type":"ReadAction","target":["https:\/\/frontpac.com\/gkd-solid-kartong\/"]}]},{"@type":"ImageObject","inLanguage":"en-US","@id":"https:\/\/frontpac.com\/gkd-solid-kartong\/#primaryimage","url":"https:\/\/frontpac.com\/wp-content\/uploads\/2025\/12\/Forpackning-kartong-hard-head.jpg","contentUrl":"https:\/\/frontpac.com\/wp-content\/uploads\/2025\/12\/Forpackning-kartong-hard-head.jpg","width":707,"height":800,"caption":"Solid Kartong"},{"@type":"BreadcrumbList","@id":"https:\/\/frontpac.com\/gkd-solid-kartong\/#breadcrumb","itemListElement":[{"@type":"ListItem","position":1,"name":"Hem","item":"https:\/\/frontpac.com\/"},{"@type":"ListItem","position":2,"name":"GKD &#8211; Solid kartong"}]},{"@type":"WebSite","@id":"https:\/\/frontpac.com\/#website","url":"https:\/\/frontpac.com\/","name":"FrontPac","description":"FrontPac","publisher":{"@id":"https:\/\/frontpac.com\/#organization"},"potentialAction":[{"@type":"SearchAction","target":{"@type":"EntryPoint","urlTemplate":"https:\/\/frontpac.com\/?s={search_term_string}"},"query-input":{"@type":"PropertyValueSpecification","valueRequired":true,"valueName":"search_term_string"}}],"inLanguage":"en-US"},{"@type":"Organization","@id":"https:\/\/frontpac.com\/#organization","name":"FrontPac","url":"https:\/\/frontpac.com\/","logo":{"@type":"ImageObject","inLanguage":"en-US","@id":"https:\/\/frontpac.com\/#\/schema\/logo\/image\/","url":"https:\/\/frontpac.com\/wp-content\/uploads\/2025\/04\/FrontPac_comp_logo_orange_cmyk-scaled.jpg","contentUrl":"https:\/\/frontpac.com\/wp-content\/uploads\/2025\/04\/FrontPac_comp_logo_orange_cmyk-scaled.jpg","width":2560,"height":2560,"caption":"FrontPac"},"image":{"@id":"https:\/\/frontpac.com\/#\/schema\/logo\/image\/"},"sameAs":["https:\/\/www.facebook.com\/FrontPac\/","https:\/\/www.linkedin.com\/company\/frontpac-ab\/"]}]}},"_links":{"self":[{"href":"https:\/\/frontpac.com\/eng\/wp-json\/wp\/v2\/pages\/9504","targetHints":{"allow":["GET"]}}],"collection":[{"href":"https:\/\/frontpac.com\/eng\/wp-json\/wp\/v2\/pages"}],"about":[{"href":"https:\/\/frontpac.com\/eng\/wp-json\/wp\/v2\/types\/page"}],"author":[{"embeddable":true,"href":"https:\/\/frontpac.com\/eng\/wp-json\/wp\/v2\/users\/2"}],"replies":[{"embeddable":true,"href":"https:\/\/frontpac.com\/eng\/wp-json\/wp\/v2\/comments?post=9504"}],"version-history":[{"count":37,"href":"https:\/\/frontpac.com\/eng\/wp-json\/wp\/v2\/pages\/9504\/revisions"}],"predecessor-version":[{"id":9878,"href":"https:\/\/frontpac.com\/eng\/wp-json\/wp\/v2\/pages\/9504\/revisions\/9878"}],"wp:featuredmedia":[{"embeddable":true,"href":"https:\/\/frontpac.com\/eng\/wp-json\/wp\/v2\/media\/9548"}],"wp:attachment":[{"href":"https:\/\/frontpac.com\/eng\/wp-json\/wp\/v2\/media?parent=9504"}],"curies":[{"name":"wp","href":"https:\/\/api.w.org\/{rel}","templated":true}]}}