{"id":9506,"date":"2025-12-02T10:15:47","date_gmt":"2025-12-02T10:15:47","guid":{"rendered":"https:\/\/frontpac.com\/?page_id=9506"},"modified":"2025-12-10T16:34:12","modified_gmt":"2025-12-10T16:34:12","slug":"gkd-wellforpackningar","status":"publish","type":"page","link":"https:\/\/frontpac.com\/eng\/gkd-wellforpackningar\/","title":{"rendered":"GKD &#8211; Wellf\u00f6rpackningar"},"content":{"rendered":"<div data-elementor-type=\"wp-page\" data-elementor-id=\"9506\" class=\"elementor elementor-9506\" data-elementor-post-type=\"page\">\n\t\t\t\t\t\t<section class=\"elementor-section elementor-top-section elementor-element elementor-element-24017545 elementor-section-boxed elementor-section-height-default elementor-section-height-default\" data-id=\"24017545\" data-element_type=\"section\" data-e-type=\"section\">\n\t\t\t\t\t\t<div class=\"elementor-container elementor-column-gap-default\">\n\t\t\t\t\t<div class=\"elementor-column elementor-col-100 elementor-top-column elementor-element elementor-element-264801fd\" data-id=\"264801fd\" data-element_type=\"column\" data-e-type=\"column\">\n\t\t\t<div class=\"elementor-widget-wrap elementor-element-populated\">\n\t\t\t\t\t\t<div class=\"elementor-element elementor-element-345df8a1 elementor-widget elementor-widget-heading\" data-id=\"345df8a1\" data-element_type=\"widget\" data-e-type=\"widget\" data-widget_type=\"heading.default\">\n\t\t\t\t<div class=\"elementor-widget-container\">\n\t\t\t\t\t<h1 class=\"elementor-heading-title elementor-size-default\">Wellf\u00f6rpackningar<\/h1>\t\t\t\t<\/div>\n\t\t\t\t<\/div>\n\t\t\t\t<div class=\"elementor-element elementor-element-1e88a09a elementor-widget-divider--view-line elementor-widget elementor-widget-divider\" data-id=\"1e88a09a\" data-element_type=\"widget\" data-e-type=\"widget\" data-widget_type=\"divider.default\">\n\t\t\t\t<div class=\"elementor-widget-container\">\n\t\t\t\t\t\t\t<div class=\"elementor-divider\">\n\t\t\t<span class=\"elementor-divider-separator\">\n\t\t\t\t\t\t<\/span>\n\t\t<\/div>\n\t\t\t\t\t\t<\/div>\n\t\t\t\t<\/div>\n\t\t\t\t\t<\/div>\n\t\t<\/div>\n\t\t\t\t\t<\/div>\n\t\t<\/section>\n\t\t\t\t<section class=\"elementor-section elementor-top-section elementor-element elementor-element-755fbdc8 elementor-hidden-phone elementor-section-boxed elementor-section-height-default elementor-section-height-default\" data-id=\"755fbdc8\" data-element_type=\"section\" data-e-type=\"section\" data-settings=\"{&quot;background_background&quot;:&quot;classic&quot;}\">\n\t\t\t\t\t\t<div class=\"elementor-container elementor-column-gap-default\">\n\t\t\t\t\t<div class=\"elementor-column elementor-col-33 elementor-top-column elementor-element elementor-element-10bbdcb6\" data-id=\"10bbdcb6\" data-element_type=\"column\" data-e-type=\"column\">\n\t\t\t<div class=\"elementor-widget-wrap elementor-element-populated\">\n\t\t\t\t\t\t<div class=\"elementor-element elementor-element-18c5e366 elementor-widget elementor-widget-image\" data-id=\"18c5e366\" data-element_type=\"widget\" data-e-type=\"widget\" data-widget_type=\"image.default\">\n\t\t\t\t<div class=\"elementor-widget-container\">\n\t\t\t\t\t\t\t\t\t\t\t\t\t\t\t<img fetchpriority=\"high\" decoding=\"async\" width=\"800\" height=\"1000\" src=\"https:\/\/frontpac.com\/wp-content\/uploads\/2025\/12\/Gefle-Kartong-1-819x1024.jpg\" class=\"attachment-large size-large wp-image-9519\" alt=\"wellf\u00f6rpackningar\" srcset=\"https:\/\/frontpac.com\/wp-content\/uploads\/2025\/12\/Gefle-Kartong-1-819x1024.jpg 819w, https:\/\/frontpac.com\/wp-content\/uploads\/2025\/12\/Gefle-Kartong-1-240x300.jpg 240w, https:\/\/frontpac.com\/wp-content\/uploads\/2025\/12\/Gefle-Kartong-1-768x960.jpg 768w, https:\/\/frontpac.com\/wp-content\/uploads\/2025\/12\/Gefle-Kartong-1-10x12.jpg 10w, https:\/\/frontpac.com\/wp-content\/uploads\/2025\/12\/Gefle-Kartong-1.jpg 1000w\" sizes=\"(max-width: 800px) 100vw, 800px\" \/>\t\t\t\t\t\t\t\t\t\t\t\t\t\t\t<\/div>\n\t\t\t\t<\/div>\n\t\t\t\t\t<\/div>\n\t\t<\/div>\n\t\t\t\t<div class=\"elementor-column elementor-col-33 elementor-top-column elementor-element elementor-element-a0ee4cb\" data-id=\"a0ee4cb\" data-element_type=\"column\" data-e-type=\"column\">\n\t\t\t<div class=\"elementor-widget-wrap elementor-element-populated\">\n\t\t\t\t\t\t<div class=\"elementor-element elementor-element-7f66a806 elementor-widget elementor-widget-image\" data-id=\"7f66a806\" data-element_type=\"widget\" data-e-type=\"widget\" data-widget_type=\"image.default\">\n\t\t\t\t<div class=\"elementor-widget-container\">\n\t\t\t\t\t\t\t\t\t\t\t\t\t\t\t<img decoding=\"async\" width=\"800\" height=\"1000\" src=\"https:\/\/frontpac.com\/wp-content\/uploads\/2025\/12\/Gefle-kartong-3-819x1024.jpg\" class=\"attachment-large size-large wp-image-9520\" alt=\"\" srcset=\"https:\/\/frontpac.com\/wp-content\/uploads\/2025\/12\/Gefle-kartong-3-819x1024.jpg 819w, https:\/\/frontpac.com\/wp-content\/uploads\/2025\/12\/Gefle-kartong-3-240x300.jpg 240w, https:\/\/frontpac.com\/wp-content\/uploads\/2025\/12\/Gefle-kartong-3-768x960.jpg 768w, https:\/\/frontpac.com\/wp-content\/uploads\/2025\/12\/Gefle-kartong-3-10x12.jpg 10w, https:\/\/frontpac.com\/wp-content\/uploads\/2025\/12\/Gefle-kartong-3.jpg 1000w\" sizes=\"(max-width: 800px) 100vw, 800px\" \/>\t\t\t\t\t\t\t\t\t\t\t\t\t\t\t<\/div>\n\t\t\t\t<\/div>\n\t\t\t\t\t<\/div>\n\t\t<\/div>\n\t\t\t\t<div class=\"elementor-column elementor-col-33 elementor-top-column elementor-element elementor-element-37c5f7d0\" data-id=\"37c5f7d0\" data-element_type=\"column\" data-e-type=\"column\">\n\t\t\t<div class=\"elementor-widget-wrap elementor-element-populated\">\n\t\t\t\t\t\t<div class=\"elementor-element elementor-element-2fdc2699 elementor-widget elementor-widget-image\" data-id=\"2fdc2699\" data-element_type=\"widget\" data-e-type=\"widget\" data-widget_type=\"image.default\">\n\t\t\t\t<div class=\"elementor-widget-container\">\n\t\t\t\t\t\t\t\t\t\t\t\t\t\t\t<img decoding=\"async\" width=\"800\" height=\"1000\" src=\"https:\/\/frontpac.com\/wp-content\/uploads\/2025\/12\/Gefle-kartong-2-819x1024.jpg\" class=\"attachment-large size-large wp-image-9521\" alt=\"\" srcset=\"https:\/\/frontpac.com\/wp-content\/uploads\/2025\/12\/Gefle-kartong-2-819x1024.jpg 819w, https:\/\/frontpac.com\/wp-content\/uploads\/2025\/12\/Gefle-kartong-2-240x300.jpg 240w, https:\/\/frontpac.com\/wp-content\/uploads\/2025\/12\/Gefle-kartong-2-768x960.jpg 768w, https:\/\/frontpac.com\/wp-content\/uploads\/2025\/12\/Gefle-kartong-2-10x12.jpg 10w, https:\/\/frontpac.com\/wp-content\/uploads\/2025\/12\/Gefle-kartong-2.jpg 1000w\" sizes=\"(max-width: 800px) 100vw, 800px\" \/>\t\t\t\t\t\t\t\t\t\t\t\t\t\t\t<\/div>\n\t\t\t\t<\/div>\n\t\t\t\t\t<\/div>\n\t\t<\/div>\n\t\t\t\t\t<\/div>\n\t\t<\/section>\n\t\t\t\t<section class=\"elementor-section elementor-top-section elementor-element elementor-element-6b88a1bf elementor-section-boxed elementor-section-height-default elementor-section-height-default\" data-id=\"6b88a1bf\" data-element_type=\"section\" data-e-type=\"section\" data-settings=\"{&quot;background_background&quot;:&quot;classic&quot;}\">\n\t\t\t\t\t\t<div class=\"elementor-container elementor-column-gap-default\">\n\t\t\t\t\t<div class=\"elementor-column elementor-col-33 elementor-top-column elementor-element elementor-element-65046bf2\" data-id=\"65046bf2\" data-element_type=\"column\" data-e-type=\"column\" data-settings=\"{&quot;background_background&quot;:&quot;classic&quot;}\">\n\t\t\t<div class=\"elementor-widget-wrap elementor-element-populated\">\n\t\t\t\t\t\t<div class=\"elementor-element elementor-element-313119bf elementor-widget elementor-widget-heading\" data-id=\"313119bf\" data-element_type=\"widget\" data-e-type=\"widget\" data-widget_type=\"heading.default\">\n\t\t\t\t<div class=\"elementor-widget-container\">\n\t\t\t\t\t<h2 class=\"elementor-heading-title elementor-size-default\">Well som f\u00f6rpackningsmaterial<\/h2>\t\t\t\t<\/div>\n\t\t\t\t<\/div>\n\t\t\t\t<div class=\"elementor-element elementor-element-20f454a2 elementor-widget-divider--view-line elementor-widget elementor-widget-divider\" data-id=\"20f454a2\" data-element_type=\"widget\" data-e-type=\"widget\" data-widget_type=\"divider.default\">\n\t\t\t\t<div class=\"elementor-widget-container\">\n\t\t\t\t\t\t\t<div class=\"elementor-divider\">\n\t\t\t<span class=\"elementor-divider-separator\">\n\t\t\t\t\t\t<\/span>\n\t\t<\/div>\n\t\t\t\t\t\t<\/div>\n\t\t\t\t<\/div>\n\t\t\t\t<div class=\"elementor-element elementor-element-5e414732 elementor-widget elementor-widget-text-editor\" data-id=\"5e414732\" data-element_type=\"widget\" data-e-type=\"widget\" data-widget_type=\"text-editor.default\">\n\t\t\t\t<div class=\"elementor-widget-container\">\n\t\t\t\t\t\t\t\t\t<p>Vi tillverkar v\u00e5r egen well till dina wellf\u00f6rpackningar vilket ger oss full kontroll p\u00e5 materialets sammans\u00e4ttning.\u00a0<span style=\"font-size: 14px;\">Alla skikt i wellpappen best\u00e5r av svensk r\u00e5vara f\u00f6r h\u00f6g kvalit\u00e9 och liten milj\u00f6p\u00e5verkan. Detta g\u00f6r att vi \u00e4ven snabbt kan st\u00e4lla om till specialkvalit\u00e9er.<\/span><\/p>\t\t\t\t\t\t\t\t<\/div>\n\t\t\t\t<\/div>\n\t\t\t\t\t<\/div>\n\t\t<\/div>\n\t\t\t\t<div class=\"elementor-column elementor-col-33 elementor-top-column elementor-element elementor-element-1625bdaa\" data-id=\"1625bdaa\" data-element_type=\"column\" data-e-type=\"column\" data-settings=\"{&quot;background_background&quot;:&quot;classic&quot;}\">\n\t\t\t<div class=\"elementor-widget-wrap elementor-element-populated\">\n\t\t\t\t\t\t<div class=\"elementor-element elementor-element-746dcd53 elementor-widget elementor-widget-heading\" data-id=\"746dcd53\" data-element_type=\"widget\" data-e-type=\"widget\" data-widget_type=\"heading.default\">\n\t\t\t\t<div class=\"elementor-widget-container\">\n\t\t\t\t\t<h2 class=\"elementor-heading-title elementor-size-default\">Wellf\u00f6rpackningar<\/h2>\t\t\t\t<\/div>\n\t\t\t\t<\/div>\n\t\t\t\t<div class=\"elementor-element elementor-element-36b60b54 elementor-widget-divider--view-line elementor-widget elementor-widget-divider\" data-id=\"36b60b54\" data-element_type=\"widget\" data-e-type=\"widget\" data-widget_type=\"divider.default\">\n\t\t\t\t<div class=\"elementor-widget-container\">\n\t\t\t\t\t\t\t<div class=\"elementor-divider\">\n\t\t\t<span class=\"elementor-divider-separator\">\n\t\t\t\t\t\t<\/span>\n\t\t<\/div>\n\t\t\t\t\t\t<\/div>\n\t\t\t\t<\/div>\n\t\t\t\t<div class=\"elementor-element elementor-element-2dfd6969 elementor-widget elementor-widget-text-editor\" data-id=\"2dfd6969\" data-element_type=\"widget\" data-e-type=\"widget\" data-widget_type=\"text-editor.default\">\n\t\t\t\t<div class=\"elementor-widget-container\">\n\t\t\t\t\t\t\t\t\t<p>Wellf\u00f6rpackningar \u00e4r l\u00e4mpliga f\u00f6r produkter som st\u00e4ller h\u00f6ga krav p\u00e5 f\u00f6rpackningens staplingsstyrka och belastning, men b\u00f6r \u00e4ven utnyttjas som budb\u00e4rare av marknadsf\u00f6ring och viktig information. Detta uppn\u00e5s genom tryck i Offset i n\u00e5gon av v\u00e5ra tryckpressar.<\/p>\t\t\t\t\t\t\t\t<\/div>\n\t\t\t\t<\/div>\n\t\t\t\t\t<\/div>\n\t\t<\/div>\n\t\t\t\t<div class=\"elementor-column elementor-col-33 elementor-top-column elementor-element elementor-element-35197fa8\" data-id=\"35197fa8\" data-element_type=\"column\" data-e-type=\"column\" data-settings=\"{&quot;background_background&quot;:&quot;classic&quot;}\">\n\t\t\t<div class=\"elementor-widget-wrap elementor-element-populated\">\n\t\t\t\t\t\t<div class=\"elementor-element elementor-element-121d2069 elementor-widget elementor-widget-heading\" data-id=\"121d2069\" data-element_type=\"widget\" data-e-type=\"widget\" data-widget_type=\"heading.default\">\n\t\t\t\t<div class=\"elementor-widget-container\">\n\t\t\t\t\t<h2 class=\"elementor-heading-title elementor-size-default\">Transportemballage<\/h2>\t\t\t\t<\/div>\n\t\t\t\t<\/div>\n\t\t\t\t<div class=\"elementor-element elementor-element-17d138ea elementor-widget-divider--view-line elementor-widget elementor-widget-divider\" data-id=\"17d138ea\" data-element_type=\"widget\" data-e-type=\"widget\" data-widget_type=\"divider.default\">\n\t\t\t\t<div class=\"elementor-widget-container\">\n\t\t\t\t\t\t\t<div class=\"elementor-divider\">\n\t\t\t<span class=\"elementor-divider-separator\">\n\t\t\t\t\t\t<\/span>\n\t\t<\/div>\n\t\t\t\t\t\t<\/div>\n\t\t\t\t<\/div>\n\t\t\t\t<div class=\"elementor-element elementor-element-8b8d008 elementor-widget elementor-widget-text-editor\" data-id=\"8b8d008\" data-element_type=\"widget\" data-e-type=\"widget\" data-widget_type=\"text-editor.default\">\n\t\t\t\t<div class=\"elementor-widget-container\">\n\t\t\t\t\t\t\t\t\t<p>Vi erbjuder b\u00e5de standard- och specialmodeller av wellemballage som skyddar dina produkter under transport. Emballagen g\u00e5r att f\u00e5 i tjocklekar upp till 7 mm, med eller utan tryck. Tillsammans tar vi fram en l\u00f6sning som passar dina behov.<\/p>\t\t\t\t\t\t\t\t<\/div>\n\t\t\t\t<\/div>\n\t\t\t\t\t<\/div>\n\t\t<\/div>\n\t\t\t\t\t<\/div>\n\t\t<\/section>\n\t\t\t\t<section class=\"elementor-section elementor-top-section elementor-element elementor-element-15b24853 elementor-section-boxed elementor-section-height-default elementor-section-height-default\" data-id=\"15b24853\" data-element_type=\"section\" data-e-type=\"section\" data-settings=\"{&quot;background_background&quot;:&quot;classic&quot;}\">\n\t\t\t\t\t\t<div class=\"elementor-container elementor-column-gap-default\">\n\t\t\t\t\t<div class=\"elementor-column elementor-col-100 elementor-top-column elementor-element elementor-element-d49658a\" data-id=\"d49658a\" data-element_type=\"column\" data-e-type=\"column\">\n\t\t\t<div class=\"elementor-widget-wrap elementor-element-populated\">\n\t\t\t\t\t\t<div class=\"elementor-element elementor-element-4474374 elementor-widget elementor-widget-text-editor\" data-id=\"4474374\" data-element_type=\"widget\" data-e-type=\"widget\" data-widget_type=\"text-editor.default\">\n\t\t\t\t<div class=\"elementor-widget-container\">\n\t\t\t\t\t\t\t\t\t<p><em>Vi p\u00e5 Gefle Kartong har arbetat med f\u00f6rpackningar i flera \u00e5rtionden och med hj\u00e4lp av v\u00e5r stora kunskap kan vi hj\u00e4lpa dig att \u00f6ka din f\u00f6rs\u00e4ljning.<\/em><\/p>\t\t\t\t\t\t\t\t<\/div>\n\t\t\t\t<\/div>\n\t\t\t\t\t<\/div>\n\t\t<\/div>\n\t\t\t\t\t<\/div>\n\t\t<\/section>\n\t\t\t\t<\/div>","protected":false},"excerpt":{"rendered":"<p>Wellf\u00f6rpackningar Well som f\u00f6rpackningsmaterial Vi tillverkar v\u00e5r egen well till dina wellf\u00f6rpackningar vilket ger oss full kontroll p\u00e5 materialets sammans\u00e4ttning.\u00a0Alla skikt i wellpappen best\u00e5r av svensk r\u00e5vara f\u00f6r h\u00f6g kvalit\u00e9 och liten milj\u00f6p\u00e5verkan. Detta g\u00f6r att vi \u00e4ven snabbt kan st\u00e4lla om till specialkvalit\u00e9er. Wellf\u00f6rpackningar Wellf\u00f6rpackningar \u00e4r l\u00e4mpliga f\u00f6r produkter som st\u00e4ller h\u00f6ga krav p\u00e5 [&hellip;]<\/p>\n","protected":false},"author":2,"featured_media":9519,"parent":0,"menu_order":0,"comment_status":"closed","ping_status":"closed","template":"","meta":{"_acf_changed":false,"footnotes":""},"class_list":["post-9506","page","type-page","status-publish","has-post-thumbnail","hentry"],"acf":[],"yoast_head":"<!-- This site is optimized with the Yoast SEO plugin v27.4 - https:\/\/yoast.com\/product\/yoast-seo-wordpress\/ -->\n<title>Wellf\u00f6rpackningar Gefle Kartong och Display<\/title>\n<meta name=\"description\" content=\"Wellf\u00f6rpackningar \u00e4r l\u00e4mpliga f\u00f6r produkter som bland annat st\u00e4ller h\u00f6ga krav p\u00e5 f\u00f6rpackningens staplingsstyrka och belastning.\" \/>\n<meta name=\"robots\" content=\"index, follow, max-snippet:-1, max-image-preview:large, max-video-preview:-1\" \/>\n<link rel=\"canonical\" href=\"https:\/\/frontpac.com\/eng\/gkd-wellforpackningar\/\" \/>\n<meta property=\"og:locale\" content=\"en_US\" \/>\n<meta property=\"og:type\" content=\"article\" \/>\n<meta property=\"og:title\" content=\"Wellf\u00f6rpackningar Gefle Kartong och Display\" \/>\n<meta property=\"og:description\" content=\"Wellf\u00f6rpackningar \u00e4r l\u00e4mpliga f\u00f6r produkter som bland annat st\u00e4ller h\u00f6ga krav p\u00e5 f\u00f6rpackningens staplingsstyrka och belastning.\" \/>\n<meta property=\"og:url\" content=\"https:\/\/frontpac.com\/eng\/gkd-wellforpackningar\/\" \/>\n<meta property=\"og:site_name\" content=\"FrontPac\" \/>\n<meta property=\"article:publisher\" content=\"https:\/\/www.facebook.com\/FrontPac\/\" \/>\n<meta property=\"article:modified_time\" content=\"2025-12-10T16:34:12+00:00\" \/>\n<meta property=\"og:image\" content=\"https:\/\/frontpac.com\/wp-content\/uploads\/2025\/12\/Gefle-Kartong-1.jpg\" \/>\n\t<meta property=\"og:image:width\" content=\"1000\" \/>\n\t<meta property=\"og:image:height\" content=\"1250\" \/>\n\t<meta property=\"og:image:type\" content=\"image\/jpeg\" \/>\n<meta name=\"twitter:card\" content=\"summary_large_image\" \/>\n<meta name=\"twitter:label1\" content=\"Est. reading time\" \/>\n\t<meta name=\"twitter:data1\" content=\"2 minutes\" \/>\n<script type=\"application\/ld+json\" class=\"yoast-schema-graph\">{\"@context\":\"https:\\\/\\\/schema.org\",\"@graph\":[{\"@type\":\"WebPage\",\"@id\":\"https:\\\/\\\/frontpac.com\\\/gkd-wellforpackningar\\\/\",\"url\":\"https:\\\/\\\/frontpac.com\\\/gkd-wellforpackningar\\\/\",\"name\":\"Wellf\u00f6rpackningar Gefle Kartong och Display\",\"isPartOf\":{\"@id\":\"https:\\\/\\\/frontpac.com\\\/#website\"},\"primaryImageOfPage\":{\"@id\":\"https:\\\/\\\/frontpac.com\\\/gkd-wellforpackningar\\\/#primaryimage\"},\"image\":{\"@id\":\"https:\\\/\\\/frontpac.com\\\/gkd-wellforpackningar\\\/#primaryimage\"},\"thumbnailUrl\":\"https:\\\/\\\/frontpac.com\\\/wp-content\\\/uploads\\\/2025\\\/12\\\/Gefle-Kartong-1.jpg\",\"datePublished\":\"2025-12-02T10:15:47+00:00\",\"dateModified\":\"2025-12-10T16:34:12+00:00\",\"description\":\"Wellf\u00f6rpackningar \u00e4r l\u00e4mpliga f\u00f6r produkter som bland annat st\u00e4ller h\u00f6ga krav p\u00e5 f\u00f6rpackningens staplingsstyrka och belastning.\",\"breadcrumb\":{\"@id\":\"https:\\\/\\\/frontpac.com\\\/gkd-wellforpackningar\\\/#breadcrumb\"},\"inLanguage\":\"en-US\",\"potentialAction\":[{\"@type\":\"ReadAction\",\"target\":[\"https:\\\/\\\/frontpac.com\\\/gkd-wellforpackningar\\\/\"]}]},{\"@type\":\"ImageObject\",\"inLanguage\":\"en-US\",\"@id\":\"https:\\\/\\\/frontpac.com\\\/gkd-wellforpackningar\\\/#primaryimage\",\"url\":\"https:\\\/\\\/frontpac.com\\\/wp-content\\\/uploads\\\/2025\\\/12\\\/Gefle-Kartong-1.jpg\",\"contentUrl\":\"https:\\\/\\\/frontpac.com\\\/wp-content\\\/uploads\\\/2025\\\/12\\\/Gefle-Kartong-1.jpg\",\"width\":1000,\"height\":1250,\"caption\":\"wellf\u00f6rpackningar\"},{\"@type\":\"BreadcrumbList\",\"@id\":\"https:\\\/\\\/frontpac.com\\\/gkd-wellforpackningar\\\/#breadcrumb\",\"itemListElement\":[{\"@type\":\"ListItem\",\"position\":1,\"name\":\"Hem\",\"item\":\"https:\\\/\\\/frontpac.com\\\/\"},{\"@type\":\"ListItem\",\"position\":2,\"name\":\"GKD &#8211; Wellf\u00f6rpackningar\"}]},{\"@type\":\"WebSite\",\"@id\":\"https:\\\/\\\/frontpac.com\\\/#website\",\"url\":\"https:\\\/\\\/frontpac.com\\\/\",\"name\":\"FrontPac\",\"description\":\"FrontPac\",\"publisher\":{\"@id\":\"https:\\\/\\\/frontpac.com\\\/#organization\"},\"potentialAction\":[{\"@type\":\"SearchAction\",\"target\":{\"@type\":\"EntryPoint\",\"urlTemplate\":\"https:\\\/\\\/frontpac.com\\\/?s={search_term_string}\"},\"query-input\":{\"@type\":\"PropertyValueSpecification\",\"valueRequired\":true,\"valueName\":\"search_term_string\"}}],\"inLanguage\":\"en-US\"},{\"@type\":\"Organization\",\"@id\":\"https:\\\/\\\/frontpac.com\\\/#organization\",\"name\":\"FrontPac\",\"url\":\"https:\\\/\\\/frontpac.com\\\/\",\"logo\":{\"@type\":\"ImageObject\",\"inLanguage\":\"en-US\",\"@id\":\"https:\\\/\\\/frontpac.com\\\/#\\\/schema\\\/logo\\\/image\\\/\",\"url\":\"https:\\\/\\\/frontpac.com\\\/wp-content\\\/uploads\\\/2025\\\/04\\\/FrontPac_comp_logo_orange_cmyk-scaled.jpg\",\"contentUrl\":\"https:\\\/\\\/frontpac.com\\\/wp-content\\\/uploads\\\/2025\\\/04\\\/FrontPac_comp_logo_orange_cmyk-scaled.jpg\",\"width\":2560,\"height\":2560,\"caption\":\"FrontPac\"},\"image\":{\"@id\":\"https:\\\/\\\/frontpac.com\\\/#\\\/schema\\\/logo\\\/image\\\/\"},\"sameAs\":[\"https:\\\/\\\/www.facebook.com\\\/FrontPac\\\/\",\"https:\\\/\\\/www.linkedin.com\\\/company\\\/frontpac-ab\\\/\"]}]}<\/script>\n<!-- \/ Yoast SEO plugin. -->","yoast_head_json":{"title":"Wellf\u00f6rpackningar Gefle Kartong och Display","description":"Wellf\u00f6rpackningar \u00e4r l\u00e4mpliga f\u00f6r produkter som bland annat st\u00e4ller h\u00f6ga krav p\u00e5 f\u00f6rpackningens staplingsstyrka och belastning.","robots":{"index":"index","follow":"follow","max-snippet":"max-snippet:-1","max-image-preview":"max-image-preview:large","max-video-preview":"max-video-preview:-1"},"canonical":"https:\/\/frontpac.com\/eng\/gkd-wellforpackningar\/","og_locale":"en_US","og_type":"article","og_title":"Wellf\u00f6rpackningar Gefle Kartong och Display","og_description":"Wellf\u00f6rpackningar \u00e4r l\u00e4mpliga f\u00f6r produkter som bland annat st\u00e4ller h\u00f6ga krav p\u00e5 f\u00f6rpackningens staplingsstyrka och belastning.","og_url":"https:\/\/frontpac.com\/eng\/gkd-wellforpackningar\/","og_site_name":"FrontPac","article_publisher":"https:\/\/www.facebook.com\/FrontPac\/","article_modified_time":"2025-12-10T16:34:12+00:00","og_image":[{"width":1000,"height":1250,"url":"https:\/\/frontpac.com\/wp-content\/uploads\/2025\/12\/Gefle-Kartong-1.jpg","type":"image\/jpeg"}],"twitter_card":"summary_large_image","twitter_misc":{"Est. reading time":"2 minutes"},"schema":{"@context":"https:\/\/schema.org","@graph":[{"@type":"WebPage","@id":"https:\/\/frontpac.com\/gkd-wellforpackningar\/","url":"https:\/\/frontpac.com\/gkd-wellforpackningar\/","name":"Wellf\u00f6rpackningar Gefle Kartong och Display","isPartOf":{"@id":"https:\/\/frontpac.com\/#website"},"primaryImageOfPage":{"@id":"https:\/\/frontpac.com\/gkd-wellforpackningar\/#primaryimage"},"image":{"@id":"https:\/\/frontpac.com\/gkd-wellforpackningar\/#primaryimage"},"thumbnailUrl":"https:\/\/frontpac.com\/wp-content\/uploads\/2025\/12\/Gefle-Kartong-1.jpg","datePublished":"2025-12-02T10:15:47+00:00","dateModified":"2025-12-10T16:34:12+00:00","description":"Wellf\u00f6rpackningar \u00e4r l\u00e4mpliga f\u00f6r produkter som bland annat st\u00e4ller h\u00f6ga krav p\u00e5 f\u00f6rpackningens staplingsstyrka och belastning.","breadcrumb":{"@id":"https:\/\/frontpac.com\/gkd-wellforpackningar\/#breadcrumb"},"inLanguage":"en-US","potentialAction":[{"@type":"ReadAction","target":["https:\/\/frontpac.com\/gkd-wellforpackningar\/"]}]},{"@type":"ImageObject","inLanguage":"en-US","@id":"https:\/\/frontpac.com\/gkd-wellforpackningar\/#primaryimage","url":"https:\/\/frontpac.com\/wp-content\/uploads\/2025\/12\/Gefle-Kartong-1.jpg","contentUrl":"https:\/\/frontpac.com\/wp-content\/uploads\/2025\/12\/Gefle-Kartong-1.jpg","width":1000,"height":1250,"caption":"wellf\u00f6rpackningar"},{"@type":"BreadcrumbList","@id":"https:\/\/frontpac.com\/gkd-wellforpackningar\/#breadcrumb","itemListElement":[{"@type":"ListItem","position":1,"name":"Hem","item":"https:\/\/frontpac.com\/"},{"@type":"ListItem","position":2,"name":"GKD &#8211; Wellf\u00f6rpackningar"}]},{"@type":"WebSite","@id":"https:\/\/frontpac.com\/#website","url":"https:\/\/frontpac.com\/","name":"FrontPac","description":"FrontPac","publisher":{"@id":"https:\/\/frontpac.com\/#organization"},"potentialAction":[{"@type":"SearchAction","target":{"@type":"EntryPoint","urlTemplate":"https:\/\/frontpac.com\/?s={search_term_string}"},"query-input":{"@type":"PropertyValueSpecification","valueRequired":true,"valueName":"search_term_string"}}],"inLanguage":"en-US"},{"@type":"Organization","@id":"https:\/\/frontpac.com\/#organization","name":"FrontPac","url":"https:\/\/frontpac.com\/","logo":{"@type":"ImageObject","inLanguage":"en-US","@id":"https:\/\/frontpac.com\/#\/schema\/logo\/image\/","url":"https:\/\/frontpac.com\/wp-content\/uploads\/2025\/04\/FrontPac_comp_logo_orange_cmyk-scaled.jpg","contentUrl":"https:\/\/frontpac.com\/wp-content\/uploads\/2025\/04\/FrontPac_comp_logo_orange_cmyk-scaled.jpg","width":2560,"height":2560,"caption":"FrontPac"},"image":{"@id":"https:\/\/frontpac.com\/#\/schema\/logo\/image\/"},"sameAs":["https:\/\/www.facebook.com\/FrontPac\/","https:\/\/www.linkedin.com\/company\/frontpac-ab\/"]}]}},"_links":{"self":[{"href":"https:\/\/frontpac.com\/eng\/wp-json\/wp\/v2\/pages\/9506","targetHints":{"allow":["GET"]}}],"collection":[{"href":"https:\/\/frontpac.com\/eng\/wp-json\/wp\/v2\/pages"}],"about":[{"href":"https:\/\/frontpac.com\/eng\/wp-json\/wp\/v2\/types\/page"}],"author":[{"embeddable":true,"href":"https:\/\/frontpac.com\/eng\/wp-json\/wp\/v2\/users\/2"}],"replies":[{"embeddable":true,"href":"https:\/\/frontpac.com\/eng\/wp-json\/wp\/v2\/comments?post=9506"}],"version-history":[{"count":37,"href":"https:\/\/frontpac.com\/eng\/wp-json\/wp\/v2\/pages\/9506\/revisions"}],"predecessor-version":[{"id":9881,"href":"https:\/\/frontpac.com\/eng\/wp-json\/wp\/v2\/pages\/9506\/revisions\/9881"}],"wp:featuredmedia":[{"embeddable":true,"href":"https:\/\/frontpac.com\/eng\/wp-json\/wp\/v2\/media\/9519"}],"wp:attachment":[{"href":"https:\/\/frontpac.com\/eng\/wp-json\/wp\/v2\/media?parent=9506"}],"curies":[{"name":"wp","href":"https:\/\/api.w.org\/{rel}","templated":true}]}}