{"id":9508,"date":"2025-12-02T10:16:12","date_gmt":"2025-12-02T10:16:12","guid":{"rendered":"https:\/\/frontpac.com\/?page_id=9508"},"modified":"2025-12-10T17:27:36","modified_gmt":"2025-12-10T17:27:36","slug":"gkd-displayer","status":"publish","type":"page","link":"https:\/\/frontpac.com\/eng\/gkd-displayer\/","title":{"rendered":"GKD &#8211; Displayer"},"content":{"rendered":"<div data-elementor-type=\"wp-page\" data-elementor-id=\"9508\" class=\"elementor elementor-9508\" data-elementor-post-type=\"page\">\n\t\t\t\t\t\t<section class=\"elementor-section elementor-top-section elementor-element elementor-element-9be6c9d elementor-section-boxed elementor-section-height-default elementor-section-height-default\" data-id=\"9be6c9d\" data-element_type=\"section\" data-e-type=\"section\">\n\t\t\t\t\t\t<div class=\"elementor-container elementor-column-gap-default\">\n\t\t\t\t\t<div class=\"elementor-column elementor-col-100 elementor-top-column elementor-element elementor-element-15258523\" data-id=\"15258523\" data-element_type=\"column\" data-e-type=\"column\">\n\t\t\t<div class=\"elementor-widget-wrap elementor-element-populated\">\n\t\t\t\t\t\t<div class=\"elementor-element elementor-element-6248ec83 elementor-widget elementor-widget-heading\" data-id=\"6248ec83\" data-element_type=\"widget\" data-e-type=\"widget\" data-widget_type=\"heading.default\">\n\t\t\t\t<div class=\"elementor-widget-container\">\n\t\t\t\t\t<h1 class=\"elementor-heading-title elementor-size-default\">Displayer<\/h1>\t\t\t\t<\/div>\n\t\t\t\t<\/div>\n\t\t\t\t<div class=\"elementor-element elementor-element-2e2a8fb8 elementor-widget-divider--view-line elementor-widget elementor-widget-divider\" data-id=\"2e2a8fb8\" data-element_type=\"widget\" data-e-type=\"widget\" data-widget_type=\"divider.default\">\n\t\t\t\t<div class=\"elementor-widget-container\">\n\t\t\t\t\t\t\t<div class=\"elementor-divider\">\n\t\t\t<span class=\"elementor-divider-separator\">\n\t\t\t\t\t\t<\/span>\n\t\t<\/div>\n\t\t\t\t\t\t<\/div>\n\t\t\t\t<\/div>\n\t\t\t\t\t<\/div>\n\t\t<\/div>\n\t\t\t\t\t<\/div>\n\t\t<\/section>\n\t\t\t\t<section class=\"elementor-section elementor-top-section elementor-element elementor-element-20df1e61 elementor-section-boxed elementor-section-height-default elementor-section-height-default\" data-id=\"20df1e61\" data-element_type=\"section\" data-e-type=\"section\" data-settings=\"{&quot;background_background&quot;:&quot;classic&quot;}\">\n\t\t\t\t\t\t<div class=\"elementor-container elementor-column-gap-default\">\n\t\t\t\t\t<div class=\"elementor-column elementor-col-100 elementor-top-column elementor-element elementor-element-44ff7fe\" data-id=\"44ff7fe\" data-element_type=\"column\" data-e-type=\"column\">\n\t\t\t<div class=\"elementor-widget-wrap elementor-element-populated\">\n\t\t\t\t\t\t<div class=\"elementor-element elementor-element-1d0a1c54 elementor-widget elementor-widget-text-editor\" data-id=\"1d0a1c54\" data-element_type=\"widget\" data-e-type=\"widget\" data-widget_type=\"text-editor.default\">\n\t\t\t\t<div class=\"elementor-widget-container\">\n\t\t\t\t\t\t\t\t\t<p>Displayer ger dig en m\u00f6jlighet att visa upp dina produkter p\u00e5 ett tilltalande och lockande s\u00e4tt. Vi har stor erfarenhet av denna typ av exponeringsyta och hj\u00e4lper dig skapa en l\u00f6sning som passar ditt varum\u00e4rke och produkt b\u00e4st. Oavsett vilken typ av display du v\u00e4ljer ger displayer dig en unik m\u00f6jlighet att visa upp dina produkter p\u00e5 ett s\u00e4tt som st\u00e4mmer v\u00e4l \u00f6verens med ditt varum\u00e4rke. Dina produkter kommer samtidigt automatiskt att sticka ut bland \u00f6vriga produkter i butiken tack vare sin specialdesignade exponeringsyta.\u00a0<\/p>\t\t\t\t\t\t\t\t<\/div>\n\t\t\t\t<\/div>\n\t\t\t\t\t<\/div>\n\t\t<\/div>\n\t\t\t\t\t<\/div>\n\t\t<\/section>\n\t\t<div class=\"elementor-element elementor-element-60ae4a4 elementor-hidden-phone e-flex e-con-boxed e-con e-parent\" data-id=\"60ae4a4\" data-element_type=\"container\" data-e-type=\"container\" data-settings=\"{&quot;background_background&quot;:&quot;classic&quot;}\">\n\t\t\t\t\t<div class=\"e-con-inner\">\n\t\t<div class=\"elementor-element elementor-element-8b39b43 e-con-full e-flex e-con e-child\" data-id=\"8b39b43\" data-element_type=\"container\" data-e-type=\"container\">\n\t\t\t\t<div class=\"elementor-element elementor-element-6440251 elementor-widget elementor-widget-image\" data-id=\"6440251\" data-element_type=\"widget\" data-e-type=\"widget\" data-widget_type=\"image.default\">\n\t\t\t\t<div class=\"elementor-widget-container\">\n\t\t\t\t\t\t\t\t\t\t\t\t\t\t\t<img fetchpriority=\"high\" decoding=\"async\" width=\"300\" height=\"300\" src=\"https:\/\/frontpac.com\/wp-content\/uploads\/2025\/12\/Gefle-display-300x300.jpg\" class=\"attachment-medium size-medium wp-image-9511\" alt=\"Gefle Kartong &amp; Display Displayer\" srcset=\"https:\/\/frontpac.com\/wp-content\/uploads\/2025\/12\/Gefle-display-300x300.jpg 300w, https:\/\/frontpac.com\/wp-content\/uploads\/2025\/12\/Gefle-display-150x150.jpg 150w, https:\/\/frontpac.com\/wp-content\/uploads\/2025\/12\/Gefle-display-768x768.jpg 768w, https:\/\/frontpac.com\/wp-content\/uploads\/2025\/12\/Gefle-display-12x12.jpg 12w, https:\/\/frontpac.com\/wp-content\/uploads\/2025\/12\/Gefle-display.jpg 800w\" sizes=\"(max-width: 300px) 100vw, 300px\" \/>\t\t\t\t\t\t\t\t\t\t\t\t\t\t\t<\/div>\n\t\t\t\t<\/div>\n\t\t\t\t<\/div>\n\t\t<div class=\"elementor-element elementor-element-61d7a91 e-con-full e-flex e-con e-child\" data-id=\"61d7a91\" data-element_type=\"container\" data-e-type=\"container\">\n\t\t\t\t<div class=\"elementor-element elementor-element-58992eb elementor-widget elementor-widget-image\" data-id=\"58992eb\" data-element_type=\"widget\" data-e-type=\"widget\" data-widget_type=\"image.default\">\n\t\t\t\t<div class=\"elementor-widget-container\">\n\t\t\t\t\t\t\t\t\t\t\t\t\t\t\t<img decoding=\"async\" width=\"300\" height=\"300\" src=\"https:\/\/frontpac.com\/wp-content\/uploads\/2025\/12\/gefle-display-2-300x300.jpg\" class=\"attachment-medium size-medium wp-image-9512\" alt=\"\" srcset=\"https:\/\/frontpac.com\/wp-content\/uploads\/2025\/12\/gefle-display-2-300x300.jpg 300w, https:\/\/frontpac.com\/wp-content\/uploads\/2025\/12\/gefle-display-2-150x150.jpg 150w, https:\/\/frontpac.com\/wp-content\/uploads\/2025\/12\/gefle-display-2-768x768.jpg 768w, https:\/\/frontpac.com\/wp-content\/uploads\/2025\/12\/gefle-display-2-12x12.jpg 12w, https:\/\/frontpac.com\/wp-content\/uploads\/2025\/12\/gefle-display-2.jpg 800w\" sizes=\"(max-width: 300px) 100vw, 300px\" \/>\t\t\t\t\t\t\t\t\t\t\t\t\t\t\t<\/div>\n\t\t\t\t<\/div>\n\t\t\t\t<\/div>\n\t\t\t\t\t<\/div>\n\t\t\t\t<\/div>\n\t\t\t\t<section class=\"elementor-section elementor-top-section elementor-element elementor-element-33f1c7eb elementor-section-boxed elementor-section-height-default elementor-section-height-default\" data-id=\"33f1c7eb\" data-element_type=\"section\" data-e-type=\"section\" data-settings=\"{&quot;background_background&quot;:&quot;classic&quot;}\">\n\t\t\t\t\t\t<div class=\"elementor-container elementor-column-gap-default\">\n\t\t\t\t\t<div class=\"elementor-column elementor-col-50 elementor-top-column elementor-element elementor-element-7773d30f\" data-id=\"7773d30f\" data-element_type=\"column\" data-e-type=\"column\" data-settings=\"{&quot;background_background&quot;:&quot;classic&quot;}\">\n\t\t\t<div class=\"elementor-widget-wrap elementor-element-populated\">\n\t\t\t\t\t\t<div class=\"elementor-element elementor-element-7c6e0396 elementor-widget elementor-widget-heading\" data-id=\"7c6e0396\" data-element_type=\"widget\" data-e-type=\"widget\" data-widget_type=\"heading.default\">\n\t\t\t\t<div class=\"elementor-widget-container\">\n\t\t\t\t\t<h2 class=\"elementor-heading-title elementor-size-default\">Golvdisplay<\/h2>\t\t\t\t<\/div>\n\t\t\t\t<\/div>\n\t\t\t\t<div class=\"elementor-element elementor-element-342c6162 elementor-widget-divider--view-line elementor-widget elementor-widget-divider\" data-id=\"342c6162\" data-element_type=\"widget\" data-e-type=\"widget\" data-widget_type=\"divider.default\">\n\t\t\t\t<div class=\"elementor-widget-container\">\n\t\t\t\t\t\t\t<div class=\"elementor-divider\">\n\t\t\t<span class=\"elementor-divider-separator\">\n\t\t\t\t\t\t<\/span>\n\t\t<\/div>\n\t\t\t\t\t\t<\/div>\n\t\t\t\t<\/div>\n\t\t\t\t<div class=\"elementor-element elementor-element-ddd22f5 elementor-widget elementor-widget-text-editor\" data-id=\"ddd22f5\" data-element_type=\"widget\" data-e-type=\"widget\" data-widget_type=\"text-editor.default\">\n\t\t\t\t<div class=\"elementor-widget-container\">\n\t\t\t\t\t\t\t\t\t<p><span style=\"font-size: 14px;\">Vi erbjuder displayer i form av exempelvis exponeringsst\u00e4ll i well, skyltar, helfigurer, ljussk\u00e5psbilder och pallkragar. Vi tar fram provexemplar f\u00f6r att kunna anpassa konstruktionen till just din produkt.<\/span><\/p><p>F\u00f6r v\u00e5ra well-konstruktioner anv\u00e4nder vi ett starkt material med bestruken yta f\u00f6r b\u00e4sta tryckresultat. Trycket l\u00e4ggs antingen i offset eller screen, i 4-f\u00e4rg eller streckf\u00e4rg beroende p\u00e5 dina \u00f6nskem\u00e5l. F\u00f6r de mindre upplagorna (fr\u00e5n ett ex) trycker vi digitaltryck.\u00a0<span style=\"font-size: 14px;\">F\u00f6r exponeringsl\u00f6sningar med riktigt h\u00f6ga krav p\u00e5 h\u00e5llbarhet och belastning kan vi erbjuda ett mycket stabilt material, wellboard, med digitalt 4-f\u00e4rgstryck.<\/span><\/p>\t\t\t\t\t\t\t\t<\/div>\n\t\t\t\t<\/div>\n\t\t\t\t\t<\/div>\n\t\t<\/div>\n\t\t\t\t<div class=\"elementor-column elementor-col-50 elementor-top-column elementor-element elementor-element-1f8ca7e5\" data-id=\"1f8ca7e5\" data-element_type=\"column\" data-e-type=\"column\" data-settings=\"{&quot;background_background&quot;:&quot;classic&quot;}\">\n\t\t\t<div class=\"elementor-widget-wrap elementor-element-populated\">\n\t\t\t\t\t\t<div class=\"elementor-element elementor-element-239cb322 elementor-widget elementor-widget-heading\" data-id=\"239cb322\" data-element_type=\"widget\" data-e-type=\"widget\" data-widget_type=\"heading.default\">\n\t\t\t\t<div class=\"elementor-widget-container\">\n\t\t\t\t\t<h2 class=\"elementor-heading-title elementor-size-default\">Diskdisplay<\/h2>\t\t\t\t<\/div>\n\t\t\t\t<\/div>\n\t\t\t\t<div class=\"elementor-element elementor-element-1ad7d135 elementor-widget-divider--view-line elementor-widget elementor-widget-divider\" data-id=\"1ad7d135\" data-element_type=\"widget\" data-e-type=\"widget\" data-widget_type=\"divider.default\">\n\t\t\t\t<div class=\"elementor-widget-container\">\n\t\t\t\t\t\t\t<div class=\"elementor-divider\">\n\t\t\t<span class=\"elementor-divider-separator\">\n\t\t\t\t\t\t<\/span>\n\t\t<\/div>\n\t\t\t\t\t\t<\/div>\n\t\t\t\t<\/div>\n\t\t\t\t<div class=\"elementor-element elementor-element-40ce9f0a elementor-widget elementor-widget-text-editor\" data-id=\"40ce9f0a\" data-element_type=\"widget\" data-e-type=\"widget\" data-widget_type=\"text-editor.default\">\n\t\t\t\t<div class=\"elementor-widget-container\">\n\t\t\t\t\t\t\t\t\t<p>F\u00f6r exponering p\u00e5 mindre ytor \u00e4r diskdisplay en l\u00e4mplig l\u00f6sning som enkelt g\u00e5r att anpassa efter dina behov.<\/p><p>V\u00e5r konstruktionsavdelning hj\u00e4lper dig att ta fram smidiga och l\u00e4tthanterliga konstruktioner som passar b\u00e5de produktens och utrymmets krav. Dessa tillverkar vi i well eller kartong. H\u00e4r kan du l\u00e4sa mer om <a href=\"https:\/\/frontpac.com\/eng\/gkd-wellforpackningar\/\">f\u00f6rdelarna med well<\/a> och h\u00e4r kan du l\u00e4sa om\u00a0 <a href=\"https:\/\/frontpac.com\/eng\/gkd-solid-kartong\/\">f\u00f6rdelarna med solid kartong<\/a>.\u00a0<\/p><p>Trycket l\u00e4ggs antingen i offset, screen eller digitalt, i 4-f\u00e4rg eller streckf\u00e4rg beroende p\u00e5 dina \u00f6nskem\u00e5l och upplaga.<\/p>\t\t\t\t\t\t\t\t<\/div>\n\t\t\t\t<\/div>\n\t\t\t\t\t<\/div>\n\t\t<\/div>\n\t\t\t\t\t<\/div>\n\t\t<\/section>\n\t\t\t\t<section class=\"elementor-section elementor-top-section elementor-element elementor-element-2fc1f61c elementor-section-boxed elementor-section-height-default elementor-section-height-default\" data-id=\"2fc1f61c\" data-element_type=\"section\" data-e-type=\"section\" data-settings=\"{&quot;background_background&quot;:&quot;classic&quot;}\">\n\t\t\t\t\t\t<div class=\"elementor-container elementor-column-gap-default\">\n\t\t\t\t\t<div class=\"elementor-column elementor-col-100 elementor-top-column elementor-element elementor-element-7e03d47c\" data-id=\"7e03d47c\" data-element_type=\"column\" data-e-type=\"column\">\n\t\t\t<div class=\"elementor-widget-wrap elementor-element-populated\">\n\t\t\t\t\t\t<div class=\"elementor-element elementor-element-25fd32cf elementor-widget elementor-widget-text-editor\" data-id=\"25fd32cf\" data-element_type=\"widget\" data-e-type=\"widget\" data-widget_type=\"text-editor.default\">\n\t\t\t\t<div class=\"elementor-widget-container\">\n\t\t\t\t\t\t\t\t\t<p><em>Kombineras displayer med ett nedsatt pris kan du f\u00e5 en \u00e4nnu h\u00f6gre f\u00f6rs\u00e4ljnings\u00f6kning.\u00a0<\/em><br \/><em>Vi p\u00e5 Gefle kartong kan hj\u00e4lpa er ta fram den optimala l\u00f6sningen n\u00e4r ni \u00f6nskar att exponera era produkter i olika typer av displayer och skyltst\u00e4ll.<\/em><\/p>\t\t\t\t\t\t\t\t<\/div>\n\t\t\t\t<\/div>\n\t\t\t\t\t<\/div>\n\t\t<\/div>\n\t\t\t\t\t<\/div>\n\t\t<\/section>\n\t\t\t\t<\/div>","protected":false},"excerpt":{"rendered":"<p>Displayer Displayer ger dig en m\u00f6jlighet att visa upp dina produkter p\u00e5 ett tilltalande och lockande s\u00e4tt. Vi har stor erfarenhet av denna typ av exponeringsyta och hj\u00e4lper dig skapa en l\u00f6sning som passar ditt varum\u00e4rke och produkt b\u00e4st. Oavsett vilken typ av display du v\u00e4ljer ger displayer dig en unik m\u00f6jlighet att visa upp [&hellip;]<\/p>\n","protected":false},"author":2,"featured_media":9511,"parent":0,"menu_order":0,"comment_status":"closed","ping_status":"closed","template":"","meta":{"_acf_changed":false,"footnotes":""},"class_list":["post-9508","page","type-page","status-publish","has-post-thumbnail","hentry"],"acf":[],"yoast_head":"<!-- This site is optimized with the Yoast SEO plugin v27.4 - https:\/\/yoast.com\/product\/yoast-seo-wordpress\/ -->\n<title>Gefle Kartong &amp; Display - Displayer - Brett utbud<\/title>\n<meta name=\"description\" content=\"Vi erbjuder displayer i form av b\u00e5de golvdisplay och diskdisplay. Tillsammans tar vi fram r\u00e4tt displayl\u00f6sning till dig.\" \/>\n<meta name=\"robots\" content=\"index, follow, max-snippet:-1, max-image-preview:large, max-video-preview:-1\" \/>\n<link rel=\"canonical\" href=\"https:\/\/frontpac.com\/eng\/gkd-displayer\/\" \/>\n<meta property=\"og:locale\" content=\"en_US\" \/>\n<meta property=\"og:type\" content=\"article\" \/>\n<meta property=\"og:title\" content=\"Gefle Kartong &amp; Display - Displayer - Brett utbud\" \/>\n<meta property=\"og:description\" content=\"Vi erbjuder displayer i form av b\u00e5de golvdisplay och diskdisplay. Tillsammans tar vi fram r\u00e4tt displayl\u00f6sning till dig.\" \/>\n<meta property=\"og:url\" content=\"https:\/\/frontpac.com\/eng\/gkd-displayer\/\" \/>\n<meta property=\"og:site_name\" content=\"FrontPac\" \/>\n<meta property=\"article:publisher\" content=\"https:\/\/www.facebook.com\/FrontPac\/\" \/>\n<meta property=\"article:modified_time\" content=\"2025-12-10T17:27:36+00:00\" \/>\n<meta property=\"og:image\" content=\"https:\/\/frontpac.com\/wp-content\/uploads\/2025\/12\/Gefle-display.jpg\" \/>\n\t<meta property=\"og:image:width\" content=\"800\" \/>\n\t<meta property=\"og:image:height\" content=\"800\" \/>\n\t<meta property=\"og:image:type\" content=\"image\/jpeg\" \/>\n<meta name=\"twitter:card\" content=\"summary_large_image\" \/>\n<meta name=\"twitter:label1\" content=\"Est. reading time\" \/>\n\t<meta name=\"twitter:data1\" content=\"2 minutes\" \/>\n<script type=\"application\/ld+json\" class=\"yoast-schema-graph\">{\"@context\":\"https:\\\/\\\/schema.org\",\"@graph\":[{\"@type\":\"WebPage\",\"@id\":\"https:\\\/\\\/frontpac.com\\\/gkd-displayer\\\/\",\"url\":\"https:\\\/\\\/frontpac.com\\\/gkd-displayer\\\/\",\"name\":\"Gefle Kartong & Display - Displayer - Brett utbud\",\"isPartOf\":{\"@id\":\"https:\\\/\\\/frontpac.com\\\/#website\"},\"primaryImageOfPage\":{\"@id\":\"https:\\\/\\\/frontpac.com\\\/gkd-displayer\\\/#primaryimage\"},\"image\":{\"@id\":\"https:\\\/\\\/frontpac.com\\\/gkd-displayer\\\/#primaryimage\"},\"thumbnailUrl\":\"https:\\\/\\\/frontpac.com\\\/wp-content\\\/uploads\\\/2025\\\/12\\\/Gefle-display.jpg\",\"datePublished\":\"2025-12-02T10:16:12+00:00\",\"dateModified\":\"2025-12-10T17:27:36+00:00\",\"description\":\"Vi erbjuder displayer i form av b\u00e5de golvdisplay och diskdisplay. Tillsammans tar vi fram r\u00e4tt displayl\u00f6sning till dig.\",\"breadcrumb\":{\"@id\":\"https:\\\/\\\/frontpac.com\\\/gkd-displayer\\\/#breadcrumb\"},\"inLanguage\":\"en-US\",\"potentialAction\":[{\"@type\":\"ReadAction\",\"target\":[\"https:\\\/\\\/frontpac.com\\\/gkd-displayer\\\/\"]}]},{\"@type\":\"ImageObject\",\"inLanguage\":\"en-US\",\"@id\":\"https:\\\/\\\/frontpac.com\\\/gkd-displayer\\\/#primaryimage\",\"url\":\"https:\\\/\\\/frontpac.com\\\/wp-content\\\/uploads\\\/2025\\\/12\\\/Gefle-display.jpg\",\"contentUrl\":\"https:\\\/\\\/frontpac.com\\\/wp-content\\\/uploads\\\/2025\\\/12\\\/Gefle-display.jpg\",\"width\":800,\"height\":800,\"caption\":\"Gefle Kartong & Display Displayer\"},{\"@type\":\"BreadcrumbList\",\"@id\":\"https:\\\/\\\/frontpac.com\\\/gkd-displayer\\\/#breadcrumb\",\"itemListElement\":[{\"@type\":\"ListItem\",\"position\":1,\"name\":\"Hem\",\"item\":\"https:\\\/\\\/frontpac.com\\\/\"},{\"@type\":\"ListItem\",\"position\":2,\"name\":\"GKD &#8211; Displayer\"}]},{\"@type\":\"WebSite\",\"@id\":\"https:\\\/\\\/frontpac.com\\\/#website\",\"url\":\"https:\\\/\\\/frontpac.com\\\/\",\"name\":\"FrontPac\",\"description\":\"FrontPac\",\"publisher\":{\"@id\":\"https:\\\/\\\/frontpac.com\\\/#organization\"},\"potentialAction\":[{\"@type\":\"SearchAction\",\"target\":{\"@type\":\"EntryPoint\",\"urlTemplate\":\"https:\\\/\\\/frontpac.com\\\/?s={search_term_string}\"},\"query-input\":{\"@type\":\"PropertyValueSpecification\",\"valueRequired\":true,\"valueName\":\"search_term_string\"}}],\"inLanguage\":\"en-US\"},{\"@type\":\"Organization\",\"@id\":\"https:\\\/\\\/frontpac.com\\\/#organization\",\"name\":\"FrontPac\",\"url\":\"https:\\\/\\\/frontpac.com\\\/\",\"logo\":{\"@type\":\"ImageObject\",\"inLanguage\":\"en-US\",\"@id\":\"https:\\\/\\\/frontpac.com\\\/#\\\/schema\\\/logo\\\/image\\\/\",\"url\":\"https:\\\/\\\/frontpac.com\\\/wp-content\\\/uploads\\\/2025\\\/04\\\/FrontPac_comp_logo_orange_cmyk-scaled.jpg\",\"contentUrl\":\"https:\\\/\\\/frontpac.com\\\/wp-content\\\/uploads\\\/2025\\\/04\\\/FrontPac_comp_logo_orange_cmyk-scaled.jpg\",\"width\":2560,\"height\":2560,\"caption\":\"FrontPac\"},\"image\":{\"@id\":\"https:\\\/\\\/frontpac.com\\\/#\\\/schema\\\/logo\\\/image\\\/\"},\"sameAs\":[\"https:\\\/\\\/www.facebook.com\\\/FrontPac\\\/\",\"https:\\\/\\\/www.linkedin.com\\\/company\\\/frontpac-ab\\\/\"]}]}<\/script>\n<!-- \/ Yoast SEO plugin. -->","yoast_head_json":{"title":"Gefle Kartong & Display - Displayer - Brett utbud","description":"Vi erbjuder displayer i form av b\u00e5de golvdisplay och diskdisplay. Tillsammans tar vi fram r\u00e4tt displayl\u00f6sning till dig.","robots":{"index":"index","follow":"follow","max-snippet":"max-snippet:-1","max-image-preview":"max-image-preview:large","max-video-preview":"max-video-preview:-1"},"canonical":"https:\/\/frontpac.com\/eng\/gkd-displayer\/","og_locale":"en_US","og_type":"article","og_title":"Gefle Kartong & Display - Displayer - Brett utbud","og_description":"Vi erbjuder displayer i form av b\u00e5de golvdisplay och diskdisplay. Tillsammans tar vi fram r\u00e4tt displayl\u00f6sning till dig.","og_url":"https:\/\/frontpac.com\/eng\/gkd-displayer\/","og_site_name":"FrontPac","article_publisher":"https:\/\/www.facebook.com\/FrontPac\/","article_modified_time":"2025-12-10T17:27:36+00:00","og_image":[{"width":800,"height":800,"url":"https:\/\/frontpac.com\/wp-content\/uploads\/2025\/12\/Gefle-display.jpg","type":"image\/jpeg"}],"twitter_card":"summary_large_image","twitter_misc":{"Est. reading time":"2 minutes"},"schema":{"@context":"https:\/\/schema.org","@graph":[{"@type":"WebPage","@id":"https:\/\/frontpac.com\/gkd-displayer\/","url":"https:\/\/frontpac.com\/gkd-displayer\/","name":"Gefle Kartong & Display - Displayer - Brett utbud","isPartOf":{"@id":"https:\/\/frontpac.com\/#website"},"primaryImageOfPage":{"@id":"https:\/\/frontpac.com\/gkd-displayer\/#primaryimage"},"image":{"@id":"https:\/\/frontpac.com\/gkd-displayer\/#primaryimage"},"thumbnailUrl":"https:\/\/frontpac.com\/wp-content\/uploads\/2025\/12\/Gefle-display.jpg","datePublished":"2025-12-02T10:16:12+00:00","dateModified":"2025-12-10T17:27:36+00:00","description":"Vi erbjuder displayer i form av b\u00e5de golvdisplay och diskdisplay. Tillsammans tar vi fram r\u00e4tt displayl\u00f6sning till dig.","breadcrumb":{"@id":"https:\/\/frontpac.com\/gkd-displayer\/#breadcrumb"},"inLanguage":"en-US","potentialAction":[{"@type":"ReadAction","target":["https:\/\/frontpac.com\/gkd-displayer\/"]}]},{"@type":"ImageObject","inLanguage":"en-US","@id":"https:\/\/frontpac.com\/gkd-displayer\/#primaryimage","url":"https:\/\/frontpac.com\/wp-content\/uploads\/2025\/12\/Gefle-display.jpg","contentUrl":"https:\/\/frontpac.com\/wp-content\/uploads\/2025\/12\/Gefle-display.jpg","width":800,"height":800,"caption":"Gefle Kartong & Display Displayer"},{"@type":"BreadcrumbList","@id":"https:\/\/frontpac.com\/gkd-displayer\/#breadcrumb","itemListElement":[{"@type":"ListItem","position":1,"name":"Hem","item":"https:\/\/frontpac.com\/"},{"@type":"ListItem","position":2,"name":"GKD &#8211; Displayer"}]},{"@type":"WebSite","@id":"https:\/\/frontpac.com\/#website","url":"https:\/\/frontpac.com\/","name":"FrontPac","description":"FrontPac","publisher":{"@id":"https:\/\/frontpac.com\/#organization"},"potentialAction":[{"@type":"SearchAction","target":{"@type":"EntryPoint","urlTemplate":"https:\/\/frontpac.com\/?s={search_term_string}"},"query-input":{"@type":"PropertyValueSpecification","valueRequired":true,"valueName":"search_term_string"}}],"inLanguage":"en-US"},{"@type":"Organization","@id":"https:\/\/frontpac.com\/#organization","name":"FrontPac","url":"https:\/\/frontpac.com\/","logo":{"@type":"ImageObject","inLanguage":"en-US","@id":"https:\/\/frontpac.com\/#\/schema\/logo\/image\/","url":"https:\/\/frontpac.com\/wp-content\/uploads\/2025\/04\/FrontPac_comp_logo_orange_cmyk-scaled.jpg","contentUrl":"https:\/\/frontpac.com\/wp-content\/uploads\/2025\/04\/FrontPac_comp_logo_orange_cmyk-scaled.jpg","width":2560,"height":2560,"caption":"FrontPac"},"image":{"@id":"https:\/\/frontpac.com\/#\/schema\/logo\/image\/"},"sameAs":["https:\/\/www.facebook.com\/FrontPac\/","https:\/\/www.linkedin.com\/company\/frontpac-ab\/"]}]}},"_links":{"self":[{"href":"https:\/\/frontpac.com\/eng\/wp-json\/wp\/v2\/pages\/9508","targetHints":{"allow":["GET"]}}],"collection":[{"href":"https:\/\/frontpac.com\/eng\/wp-json\/wp\/v2\/pages"}],"about":[{"href":"https:\/\/frontpac.com\/eng\/wp-json\/wp\/v2\/types\/page"}],"author":[{"embeddable":true,"href":"https:\/\/frontpac.com\/eng\/wp-json\/wp\/v2\/users\/2"}],"replies":[{"embeddable":true,"href":"https:\/\/frontpac.com\/eng\/wp-json\/wp\/v2\/comments?post=9508"}],"version-history":[{"count":61,"href":"https:\/\/frontpac.com\/eng\/wp-json\/wp\/v2\/pages\/9508\/revisions"}],"predecessor-version":[{"id":9911,"href":"https:\/\/frontpac.com\/eng\/wp-json\/wp\/v2\/pages\/9508\/revisions\/9911"}],"wp:featuredmedia":[{"embeddable":true,"href":"https:\/\/frontpac.com\/eng\/wp-json\/wp\/v2\/media\/9511"}],"wp:attachment":[{"href":"https:\/\/frontpac.com\/eng\/wp-json\/wp\/v2\/media?parent=9508"}],"curies":[{"name":"wp","href":"https:\/\/api.w.org\/{rel}","templated":true}]}}